{"id":10575,"date":"2022-12-19T18:12:29","date_gmt":"2022-12-19T17:12:29","guid":{"rendered":"https:\/\/www.fastreplysignature.it\/casi-di-successo\/"},"modified":"2024-07-22T14:52:36","modified_gmt":"2024-07-22T12:52:36","slug":"erfolgsgeschichten","status":"publish","type":"page","link":"https:\/\/www.fastreplysignature.it\/de\/erfolgsgeschichten\/","title":{"rendered":"Erfolgsgeschichten"},"content":{"rendered":"\t\t<div data-elementor-type=\"wp-page\" data-elementor-id=\"10575\" class=\"elementor elementor-10575 elementor-7660\" data-elementor-post-type=\"page\">\n\t\t\t\t\t\t<section class=\"elementor-section elementor-top-section elementor-element elementor-element-00c1b35 elementor-section-stretched elementor-section-boxed elementor-section-height-default elementor-section-height-default\" data-id=\"00c1b35\" data-element_type=\"section\" data-settings=\"{&quot;stretch_section&quot;:&quot;section-stretched&quot;,&quot;background_background&quot;:&quot;classic&quot;,&quot;shape_divider_bottom&quot;:&quot;mountains&quot;}\">\n\t\t\t\t\t\t\t<div class=\"elementor-background-overlay\"><\/div>\n\t\t\t\t\t\t<div class=\"elementor-shape elementor-shape-bottom\" data-negative=\"false\">\n\t\t\t<svg xmlns=\"http:\/\/www.w3.org\/2000\/svg\" viewBox=\"0 0 1000 100\" preserveAspectRatio=\"none\">\n\t<path class=\"elementor-shape-fill\" opacity=\"0.33\" d=\"M473,67.3c-203.9,88.3-263.1-34-320.3,0C66,119.1,0,59.7,0,59.7V0h1000v59.7 c0,0-62.1,26.1-94.9,29.3c-32.8,3.3-62.8-12.3-75.8-22.1C806,49.6,745.3,8.7,694.9,4.7S492.4,59,473,67.3z\"\/>\n\t<path class=\"elementor-shape-fill\" opacity=\"0.66\" d=\"M734,67.3c-45.5,0-77.2-23.2-129.1-39.1c-28.6-8.7-150.3-10.1-254,39.1 s-91.7-34.4-149.2,0C115.7,118.3,0,39.8,0,39.8V0h1000v36.5c0,0-28.2-18.5-92.1-18.5C810.2,18.1,775.7,67.3,734,67.3z\"\/>\n\t<path class=\"elementor-shape-fill\" d=\"M766.1,28.9c-200-57.5-266,65.5-395.1,19.5C242,1.8,242,5.4,184.8,20.6C128,35.8,132.3,44.9,89.9,52.5C28.6,63.7,0,0,0,0 h1000c0,0-9.9,40.9-83.6,48.1S829.6,47,766.1,28.9z\"\/>\n<\/svg>\t\t<\/div>\n\t\t\t\t\t<div class=\"elementor-container elementor-column-gap-default\">\n\t\t\t\t\t<div class=\"elementor-column elementor-col-50 elementor-top-column elementor-element elementor-element-4efd1e3\" data-id=\"4efd1e3\" data-element_type=\"column\">\n\t\t\t<div class=\"elementor-widget-wrap elementor-element-populated\">\n\t\t\t\t\t\t<div class=\"elementor-element elementor-element-f4408c6 elementor-widget elementor-widget-heading\" data-id=\"f4408c6\" data-element_type=\"widget\" data-widget_type=\"heading.default\">\n\t\t\t\t<div class=\"elementor-widget-container\">\n\t\t\t<h2 class=\"elementor-heading-title elementor-size-default\">Erfolgsgeschichten \nFastReplySignature<\/h2>\t\t<\/div>\n\t\t\t\t<\/div>\n\t\t\t\t<div class=\"elementor-element elementor-element-90bdd62 elementor-widget elementor-widget-spacer\" data-id=\"90bdd62\" data-element_type=\"widget\" data-widget_type=\"spacer.default\">\n\t\t\t\t<div class=\"elementor-widget-container\">\n\t\t\t\t\t<div class=\"elementor-spacer\">\n\t\t\t<div class=\"elementor-spacer-inner\"><\/div>\n\t\t<\/div>\n\t\t\t\t<\/div>\n\t\t\t\t<\/div>\n\t\t\t\t<div class=\"elementor-element elementor-element-c2013f4 elementor-widget elementor-widget-text-editor\" data-id=\"c2013f4\" data-element_type=\"widget\" data-widget_type=\"text-editor.default\">\n\t\t\t\t<div class=\"elementor-widget-container\">\n\t\t\t\t\t\t\t<p>In diesem abschnitt kannst du einige der wichtigsten Erfolgsgeschichten unserer elektronischen signatursoftware lesen.<\/p>\t\t\t\t\t\t<\/div>\n\t\t\t\t<\/div>\n\t\t\t\t\t<\/div>\n\t\t<\/div>\n\t\t\t\t<div class=\"elementor-column elementor-col-50 elementor-top-column elementor-element elementor-element-f27a9a5\" data-id=\"f27a9a5\" data-element_type=\"column\">\n\t\t\t<div class=\"elementor-widget-wrap\">\n\t\t\t\t\t\t\t<\/div>\n\t\t<\/div>\n\t\t\t\t\t<\/div>\n\t\t<\/section>\n\t\t\t\t<section class=\"elementor-section elementor-top-section elementor-element elementor-element-81941b0 elementor-section-boxed elementor-section-height-default elementor-section-height-default\" data-id=\"81941b0\" data-element_type=\"section\">\n\t\t\t\t\t\t<div class=\"elementor-container elementor-column-gap-wide\">\n\t\t\t\t\t<div class=\"elementor-column elementor-col-100 elementor-top-column elementor-element elementor-element-c4c3d6a\" data-id=\"c4c3d6a\" data-element_type=\"column\">\n\t\t\t<div class=\"elementor-widget-wrap elementor-element-populated\">\n\t\t\t\t\t\t<div class=\"elementor-element elementor-element-a3e0afc img-align-top icon-box-vertical-align-top image-vertical-align-start preserve-img-ratio-cover slide-h-position-left elementor-widget elementor-widget-the7-elements-simple-posts\" data-id=\"a3e0afc\" data-element_type=\"widget\" data-widget_type=\"the7-elements-simple-posts.default\">\n\t\t\t\t<div class=\"elementor-widget-container\">\n\t\t\t<div class=\"the7-simple-widget-posts the7-elementor-widget the7-elements-simple-posts-a3e0afc\" data-post-limit=\"-1\" data-pagination-mode=\"standard\" data-scroll-offset=\"\">\t\t\t<div class=\"dt-css-grid custom-pagination-handler\" data-columns=\"{&quot;d&quot;:2,&quot;t&quot;:2,&quot;p&quot;:1,&quot;wd&quot;:&quot;&quot;}\">\n\t\t\t\t\t\t\t\t\t<a class=\"wf-cell visible box-hover\" href=\"https:\/\/www.fastreplysignature.it\/de\/tauchzentrum-mit-dem-beduerfnis-die-sammlung-von-haftungserklaerungen-zu-vereinfachen\/\" target=\"\">\n\t\t\t\t\t\t<article class=\"post visible wrapper post-10640 type-post status-publish format-standard has-post-thumbnail hentry category-casi-di-successo category-erfolgsgeschichten\">\n\n\t\t\t\t\t\t\t<div class=\"post-content-wrapper\">\n\t\t\t\t\t\t\t\t\t\t\t\t\t\t\t\t\t<div class=\"the7-simple-post-thumb\">\n\t\t\t\t\t\t\t\t\t\t<div class=\"post-thumbnail-rollover layzr-bg img-css-resize-wrapper\" aria-label=\"Post image\"><img fetchpriority=\"high\" decoding=\"async\" width=\"1500\" height=\"1000\" src=\"data:image\/svg+xml,%3Csvg%20xmlns%3D&#039;http%3A%2F%2Fwww.w3.org%2F2000%2Fsvg&#039;%20viewBox%3D&#039;0%200%201500%201000&#039;%2F%3E\" class=\"attachment-full size-full preload-me aspect lazy lazy-load\" alt=\"Taucher im Meer, was die digitale Verwaltung von Haftungsformularen und Datenerfassung f\u00fcr Tauchzentren symbolisiert.\" sizes=\"(max-width: 1500px) 100vw, 1500px\" style=\"--ratio: 1500 \/ 1000;\" data-src=\"https:\/\/www.fastreplysignature.it\/wp-content\/uploads\/2023\/08\/diving-center.png\" loading=\"eager\" data-srcset=\"https:\/\/www.fastreplysignature.it\/wp-content\/uploads\/2023\/08\/diving-center.png 1500w, https:\/\/www.fastreplysignature.it\/wp-content\/uploads\/2023\/08\/diving-center-300x200.png 300w, https:\/\/www.fastreplysignature.it\/wp-content\/uploads\/2023\/08\/diving-center-1024x683.png 1024w, https:\/\/www.fastreplysignature.it\/wp-content\/uploads\/2023\/08\/diving-center-768x512.png 768w, https:\/\/www.fastreplysignature.it\/wp-content\/uploads\/2023\/08\/diving-center-900x600.png 900w, https:\/\/www.fastreplysignature.it\/wp-content\/uploads\/2023\/08\/diving-center-1200x800.png 1200w\" \/><span class=\"the7-hover-icon\"><svg xmlns=\"http:\/\/www.w3.org\/2000\/svg\" viewBox=\"0 0 24 24\" width=\"24\" height=\"24\"><path fill=\"none\" d=\"M0 0h24v24H0z\"><\/path><path d=\"M4.5 10.5c-.825 0-1.5.675-1.5 1.5s.675 1.5 1.5 1.5S6 12.825 6 12s-.675-1.5-1.5-1.5zm15 0c-.825 0-1.5.675-1.5 1.5s.675 1.5 1.5 1.5S21 12.825 21 12s-.675-1.5-1.5-1.5zm-7.5 0c-.825 0-1.5.675-1.5 1.5s.675 1.5 1.5 1.5 1.5-.675 1.5-1.5-.675-1.5-1.5-1.5z\"><\/path><\/svg><\/span><\/div>\t\t\t\t\t\t\t\t\t<\/div>\n\t\t\t\t\t\t\t\t\t\t\t\t\t\t\t\t<div class=\"post-entry-content\">\n\t\t\t\t\t\t\t\t\t<h5 class=\"heading\"><span title=\"Tauchzentrum mit dem bed\u00fcrfnis, die sammlung von haftungserkl\u00e4rungen zu vereinfachen\" class=\"post-title\">Tauchzentrum mit dem bed\u00fcrfnis, die sammlung von haftungserkl\u00e4rungen zu vereinfachen<\/span><\/h5><p class=\"short-description\">Wie FastReply Signature den prozess der kundendatenerfassung und der haftungserkl\u00e4rungen f\u00fcr ein tauchzentrum vereinfacht hat.<\/p><button href=\"https:\/\/www.fastreplysignature.it\/de\/tauchzentrum-mit-dem-beduerfnis-die-sammlung-von-haftungserklaerungen-zu-vereinfachen\/\" target=\"\" aria-label=\"Read more about Tauchzentrum mit dem bed\u00fcrfnis, die sammlung von haftungserkl\u00e4rungen zu vereinfachen\" class=\"box-button elementor-button elementor-size-sm\">Lies alles<\/button>\t\t\t\t\t\t\t\t<\/div>\n\t\t\t\t\t\t\t<\/div>\n\t\t\t\t\t\t<\/article>\n\t\t\t\t\t<\/a>\t\t\t\t\t\t\t\t\t\t<a class=\"wf-cell visible box-hover\" href=\"https:\/\/www.fastreplysignature.it\/de\/digitale-signatur-fuer-immobilienagenturen-schnelle-und-sichere-vertraege\/\" target=\"\">\n\t\t\t\t\t\t<article class=\"post visible wrapper post-12540 type-post status-publish format-standard has-post-thumbnail hentry category-casos-de-exito-es category-erfolgsgeschichten\">\n\n\t\t\t\t\t\t\t<div class=\"post-content-wrapper\">\n\t\t\t\t\t\t\t\t\t\t\t\t\t\t\t\t\t<div class=\"the7-simple-post-thumb\">\n\t\t\t\t\t\t\t\t\t\t<div class=\"post-thumbnail-rollover layzr-bg img-css-resize-wrapper\" aria-label=\"Post image\"><img decoding=\"async\" width=\"1920\" height=\"1280\" src=\"data:image\/svg+xml,%3Csvg%20xmlns%3D&#039;http%3A%2F%2Fwww.w3.org%2F2000%2Fsvg&#039;%20viewBox%3D&#039;0%200%201920%201280&#039;%2F%3E\" class=\"attachment-full size-full preload-me aspect lazy lazy-load\" alt=\"Un&#039;agente immobiliare \u00e8 seduta a un tavolo e mostra un tablet con un contratto digitale gi\u00e0 firmato e con un segno di spunta verde. Di fronte a lei c&#039;\u00e8 il proprietario dell&#039;immobile, seduto, che guarda soddisfatto il suo smartphone.\" sizes=\"(max-width: 1920px) 100vw, 1920px\" style=\"--ratio: 1920 \/ 1280;\" data-src=\"https:\/\/www.fastreplysignature.it\/wp-content\/uploads\/2025\/10\/agenzia-immobiliare-caso-di-successo-1.jpg\" loading=\"eager\" data-srcset=\"https:\/\/www.fastreplysignature.it\/wp-content\/uploads\/2025\/10\/agenzia-immobiliare-caso-di-successo-1.jpg 1920w, https:\/\/www.fastreplysignature.it\/wp-content\/uploads\/2025\/10\/agenzia-immobiliare-caso-di-successo-1-300x200.jpg 300w, https:\/\/www.fastreplysignature.it\/wp-content\/uploads\/2025\/10\/agenzia-immobiliare-caso-di-successo-1-1024x683.jpg 1024w, https:\/\/www.fastreplysignature.it\/wp-content\/uploads\/2025\/10\/agenzia-immobiliare-caso-di-successo-1-768x512.jpg 768w, https:\/\/www.fastreplysignature.it\/wp-content\/uploads\/2025\/10\/agenzia-immobiliare-caso-di-successo-1-1536x1024.jpg 1536w\" \/><span class=\"the7-hover-icon\"><svg xmlns=\"http:\/\/www.w3.org\/2000\/svg\" viewBox=\"0 0 24 24\" width=\"24\" height=\"24\"><path fill=\"none\" d=\"M0 0h24v24H0z\"><\/path><path d=\"M4.5 10.5c-.825 0-1.5.675-1.5 1.5s.675 1.5 1.5 1.5S6 12.825 6 12s-.675-1.5-1.5-1.5zm15 0c-.825 0-1.5.675-1.5 1.5s.675 1.5 1.5 1.5S21 12.825 21 12s-.675-1.5-1.5-1.5zm-7.5 0c-.825 0-1.5.675-1.5 1.5s.675 1.5 1.5 1.5 1.5-.675 1.5-1.5-.675-1.5-1.5-1.5z\"><\/path><\/svg><\/span><\/div>\t\t\t\t\t\t\t\t\t<\/div>\n\t\t\t\t\t\t\t\t\t\t\t\t\t\t\t\t<div class=\"post-entry-content\">\n\t\t\t\t\t\t\t\t\t<h5 class=\"heading\"><span title=\"Digitale Signatur f\u00fcr Immobilienagenturen: schnelle und sichere Vertr\u00e4ge\" class=\"post-title\">Digitale Signatur f\u00fcr Immobilienagenturen: schnelle und sichere Vertr\u00e4ge<\/span><\/h5><p class=\"short-description\">Eine bekannte Immobilienagentur hat die Vertragsabwicklung mit Eigent\u00fcmern durch FastReplySignature beschleunigt.<\/p><button href=\"https:\/\/www.fastreplysignature.it\/de\/digitale-signatur-fuer-immobilienagenturen-schnelle-und-sichere-vertraege\/\" target=\"\" aria-label=\"Read more about Digitale Signatur f\u00fcr Immobilienagenturen: schnelle und sichere Vertr\u00e4ge\" class=\"box-button elementor-button elementor-size-sm\">Lies alles<\/button>\t\t\t\t\t\t\t\t<\/div>\n\t\t\t\t\t\t\t<\/div>\n\t\t\t\t\t\t<\/article>\n\t\t\t\t\t<\/a>\t\t\t\t\t\t\t\t\t\t<a class=\"wf-cell visible box-hover\" href=\"https:\/\/www.fastreplysignature.it\/de\/abholung-und-zustellung-von-paketen-in-beherbergungsbetrieben-und-bueros\/\" target=\"\">\n\t\t\t\t\t\t<article class=\"post visible wrapper post-11947 type-post status-publish format-standard has-post-thumbnail hentry category-casos-de-exito-es category-erfolgsgeschichten\">\n\n\t\t\t\t\t\t\t<div class=\"post-content-wrapper\">\n\t\t\t\t\t\t\t\t\t\t\t\t\t\t\t\t\t<div class=\"the7-simple-post-thumb\">\n\t\t\t\t\t\t\t\t\t\t<div class=\"post-thumbnail-rollover layzr-bg img-css-resize-wrapper\" aria-label=\"Post image\"><img decoding=\"async\" width=\"1500\" height=\"1000\" src=\"data:image\/svg+xml,%3Csvg%20xmlns%3D&#039;http%3A%2F%2Fwww.w3.org%2F2000%2Fsvg&#039;%20viewBox%3D&#039;0%200%201500%201000&#039;%2F%3E\" class=\"attachment-full size-full preload-me aspect lazy lazy-load\" alt=\"Rezeptionist, der eine Software f\u00fcr digitale Unterschriften verwendet, um Pakete in einer Hotelanlage zu liefern und abzuholen.\" sizes=\"(max-width: 1500px) 100vw, 1500px\" style=\"--ratio: 1500 \/ 1000;\" data-src=\"https:\/\/www.fastreplysignature.it\/wp-content\/uploads\/2025\/07\/caso-duso-hotel-consegna-pacchi.jpg\" loading=\"eager\" data-srcset=\"https:\/\/www.fastreplysignature.it\/wp-content\/uploads\/2025\/07\/caso-duso-hotel-consegna-pacchi.jpg 1500w, https:\/\/www.fastreplysignature.it\/wp-content\/uploads\/2025\/07\/caso-duso-hotel-consegna-pacchi-300x200.jpg 300w, https:\/\/www.fastreplysignature.it\/wp-content\/uploads\/2025\/07\/caso-duso-hotel-consegna-pacchi-1024x683.jpg 1024w, https:\/\/www.fastreplysignature.it\/wp-content\/uploads\/2025\/07\/caso-duso-hotel-consegna-pacchi-768x512.jpg 768w\" \/><span class=\"the7-hover-icon\"><svg xmlns=\"http:\/\/www.w3.org\/2000\/svg\" viewBox=\"0 0 24 24\" width=\"24\" height=\"24\"><path fill=\"none\" d=\"M0 0h24v24H0z\"><\/path><path d=\"M4.5 10.5c-.825 0-1.5.675-1.5 1.5s.675 1.5 1.5 1.5S6 12.825 6 12s-.675-1.5-1.5-1.5zm15 0c-.825 0-1.5.675-1.5 1.5s.675 1.5 1.5 1.5S21 12.825 21 12s-.675-1.5-1.5-1.5zm-7.5 0c-.825 0-1.5.675-1.5 1.5s.675 1.5 1.5 1.5 1.5-.675 1.5-1.5-.675-1.5-1.5-1.5z\"><\/path><\/svg><\/span><\/div>\t\t\t\t\t\t\t\t\t<\/div>\n\t\t\t\t\t\t\t\t\t\t\t\t\t\t\t\t<div class=\"post-entry-content\">\n\t\t\t\t\t\t\t\t\t<h5 class=\"heading\"><span title=\"Abholung und Zustellung von Paketen in Beherbergungsbetrieben und B\u00fcros\" class=\"post-title\">Abholung und Zustellung von Paketen in Beherbergungsbetrieben und B\u00fcros<\/span><\/h5><p class=\"short-description\">Ein Hotel kann Vollmachten und Paketsendungen einfach und sicher verwalten: FastReplySignature digitalisiert Unterschriften und Archivierung, spart Zeit und sorgt f\u00fcr Nachvollziehbarkeit.<\/p><button href=\"https:\/\/www.fastreplysignature.it\/de\/abholung-und-zustellung-von-paketen-in-beherbergungsbetrieben-und-bueros\/\" target=\"\" aria-label=\"Read more about Abholung und Zustellung von Paketen in Beherbergungsbetrieben und B\u00fcros\" class=\"box-button elementor-button elementor-size-sm\">Lies alles<\/button>\t\t\t\t\t\t\t\t<\/div>\n\t\t\t\t\t\t\t<\/div>\n\t\t\t\t\t\t<\/article>\n\t\t\t\t\t<\/a>\t\t\t\t\t\t\t\t\t\t<a class=\"wf-cell visible box-hover\" href=\"https:\/\/www.fastreplysignature.it\/de\/automatisierung-von-kurzzeitmietvertraegen-der-erfolg-einer-reiseagentur\/\" target=\"\">\n\t\t\t\t\t\t<article class=\"post visible wrapper post-11833 type-post status-publish format-standard has-post-thumbnail hentry category-casi-di-successo category-casos-de-exito-es category-erfolgsgeschichten\">\n\n\t\t\t\t\t\t\t<div class=\"post-content-wrapper\">\n\t\t\t\t\t\t\t\t\t\t\t\t\t\t\t\t\t<div class=\"the7-simple-post-thumb\">\n\t\t\t\t\t\t\t\t\t\t<div class=\"post-thumbnail-rollover layzr-bg img-css-resize-wrapper\" aria-label=\"Post image\"><img decoding=\"async\" width=\"1024\" height=\"683\" src=\"data:image\/svg+xml,%3Csvg%20xmlns%3D&#039;http%3A%2F%2Fwww.w3.org%2F2000%2Fsvg&#039;%20viewBox%3D&#039;0%200%201024%20683&#039;%2F%3E\" class=\"attachment-full size-full preload-me aspect lazy lazy-load\" alt=\"Mitarbeiter eines Reiseb\u00fcros, der einem Kunden am Computer einen digital ausgef\u00fcllten und mit FastReply Signature digital unterschriebenen Kurzzeitmietvertrag zeigt.\" sizes=\"(max-width: 1024px) 100vw, 1024px\" style=\"--ratio: 1024 \/ 683;\" data-src=\"https:\/\/www.fastreplysignature.it\/wp-content\/uploads\/2025\/03\/4.jpg\" loading=\"eager\" data-srcset=\"https:\/\/www.fastreplysignature.it\/wp-content\/uploads\/2025\/03\/4.jpg 1024w, https:\/\/www.fastreplysignature.it\/wp-content\/uploads\/2025\/03\/4-300x200.jpg 300w, https:\/\/www.fastreplysignature.it\/wp-content\/uploads\/2025\/03\/4-768x512.jpg 768w\" \/><span class=\"the7-hover-icon\"><svg xmlns=\"http:\/\/www.w3.org\/2000\/svg\" viewBox=\"0 0 24 24\" width=\"24\" height=\"24\"><path fill=\"none\" d=\"M0 0h24v24H0z\"><\/path><path d=\"M4.5 10.5c-.825 0-1.5.675-1.5 1.5s.675 1.5 1.5 1.5S6 12.825 6 12s-.675-1.5-1.5-1.5zm15 0c-.825 0-1.5.675-1.5 1.5s.675 1.5 1.5 1.5S21 12.825 21 12s-.675-1.5-1.5-1.5zm-7.5 0c-.825 0-1.5.675-1.5 1.5s.675 1.5 1.5 1.5 1.5-.675 1.5-1.5-.675-1.5-1.5-1.5z\"><\/path><\/svg><\/span><\/div>\t\t\t\t\t\t\t\t\t<\/div>\n\t\t\t\t\t\t\t\t\t\t\t\t\t\t\t\t<div class=\"post-entry-content\">\n\t\t\t\t\t\t\t\t\t<h5 class=\"heading\"><span title=\"Automatisierung von Kurzzeitmietvertr\u00e4gen: Der Erfolg einer Reiseagentur\" class=\"post-title\">Automatisierung von Kurzzeitmietvertr\u00e4gen: Der Erfolg einer Reiseagentur<\/span><\/h5><p class=\"short-description\">Eine Reiseagentur automatisierte Kurzzeitmietvertr\u00e4ge mit FastReply Signature, integriert in ihr CRM f\u00fcr nahtlose Effizienz.<\/p><button href=\"https:\/\/www.fastreplysignature.it\/de\/automatisierung-von-kurzzeitmietvertraegen-der-erfolg-einer-reiseagentur\/\" target=\"\" aria-label=\"Read more about Automatisierung von Kurzzeitmietvertr\u00e4gen: Der Erfolg einer Reiseagentur\" class=\"box-button elementor-button elementor-size-sm\">Lies alles<\/button>\t\t\t\t\t\t\t\t<\/div>\n\t\t\t\t\t\t\t<\/div>\n\t\t\t\t\t\t<\/article>\n\t\t\t\t\t<\/a>\t\t\t\t\t\t\t\t\t\t<a class=\"wf-cell visible box-hover\" href=\"https:\/\/www.fastreplysignature.it\/de\/vertrags-und-dokumentenautomatisierung-im-bauwesen\/\" target=\"\">\n\t\t\t\t\t\t<article class=\"post visible wrapper post-11762 type-post status-publish format-standard has-post-thumbnail hentry category-casos-de-exito-es category-erfolgsgeschichten\">\n\n\t\t\t\t\t\t\t<div class=\"post-content-wrapper\">\n\t\t\t\t\t\t\t\t\t\t\t\t\t\t\t\t\t<div class=\"the7-simple-post-thumb\">\n\t\t\t\t\t\t\t\t\t\t<div class=\"post-thumbnail-rollover layzr-bg img-css-resize-wrapper\" aria-label=\"Post image\"><img decoding=\"async\" width=\"1500\" height=\"1000\" src=\"data:image\/svg+xml,%3Csvg%20xmlns%3D&#039;http%3A%2F%2Fwww.w3.org%2F2000%2Fsvg&#039;%20viewBox%3D&#039;0%200%201500%201000&#039;%2F%3E\" class=\"attachment-full size-full preload-me aspect lazy lazy-load\" alt=\"Bauunternehmer, der Vertr\u00e4ge und Dokumente digital auf einem Tablet auf der Baustelle unterschreibt, um das Dokumentenmanagement zu optimieren und Kosten zu reduzieren.\" sizes=\"(max-width: 1500px) 100vw, 1500px\" style=\"--ratio: 1500 \/ 1000;\" data-src=\"https:\/\/www.fastreplysignature.it\/wp-content\/uploads\/2025\/01\/casi-di-successo-fast-reply-1.jpg\" loading=\"eager\" data-srcset=\"https:\/\/www.fastreplysignature.it\/wp-content\/uploads\/2025\/01\/casi-di-successo-fast-reply-1.jpg 1500w, https:\/\/www.fastreplysignature.it\/wp-content\/uploads\/2025\/01\/casi-di-successo-fast-reply-1-300x200.jpg 300w, https:\/\/www.fastreplysignature.it\/wp-content\/uploads\/2025\/01\/casi-di-successo-fast-reply-1-1024x683.jpg 1024w, https:\/\/www.fastreplysignature.it\/wp-content\/uploads\/2025\/01\/casi-di-successo-fast-reply-1-768x512.jpg 768w\" \/><span class=\"the7-hover-icon\"><svg xmlns=\"http:\/\/www.w3.org\/2000\/svg\" viewBox=\"0 0 24 24\" width=\"24\" height=\"24\"><path fill=\"none\" d=\"M0 0h24v24H0z\"><\/path><path d=\"M4.5 10.5c-.825 0-1.5.675-1.5 1.5s.675 1.5 1.5 1.5S6 12.825 6 12s-.675-1.5-1.5-1.5zm15 0c-.825 0-1.5.675-1.5 1.5s.675 1.5 1.5 1.5S21 12.825 21 12s-.675-1.5-1.5-1.5zm-7.5 0c-.825 0-1.5.675-1.5 1.5s.675 1.5 1.5 1.5 1.5-.675 1.5-1.5-.675-1.5-1.5-1.5z\"><\/path><\/svg><\/span><\/div>\t\t\t\t\t\t\t\t\t<\/div>\n\t\t\t\t\t\t\t\t\t\t\t\t\t\t\t\t<div class=\"post-entry-content\">\n\t\t\t\t\t\t\t\t\t<h5 class=\"heading\"><span title=\"Vertrags- und Dokumentenautomatisierung im Bauwesen\" class=\"post-title\">Vertrags- und Dokumentenautomatisierung im Bauwesen<\/span><\/h5><p class=\"short-description\">Erfahren Sie, wie ein Bauunternehmen Vertr\u00e4ge und Dokumente mit FastReply Signature digitalisiert hat, um Kosten zu senken und die Dokumentenverwaltung zu optimieren.<\/p><button href=\"https:\/\/www.fastreplysignature.it\/de\/vertrags-und-dokumentenautomatisierung-im-bauwesen\/\" target=\"\" aria-label=\"Read more about Vertrags- und Dokumentenautomatisierung im Bauwesen\" class=\"box-button elementor-button elementor-size-sm\">Lies alles<\/button>\t\t\t\t\t\t\t\t<\/div>\n\t\t\t\t\t\t\t<\/div>\n\t\t\t\t\t\t<\/article>\n\t\t\t\t\t<\/a>\t\t\t\t\t\t\t\t\t\t<a class=\"wf-cell visible box-hover\" href=\"https:\/\/www.fastreplysignature.it\/de\/optimierung-der-online-anmeldeverwaltung-in-einem-fitnessstudio\/\" target=\"\">\n\t\t\t\t\t\t<article class=\"post visible wrapper post-11712 type-post status-publish format-standard has-post-thumbnail hentry category-casi-di-successo category-casos-de-exito-es category-erfolgsgeschichten\">\n\n\t\t\t\t\t\t\t<div class=\"post-content-wrapper\">\n\t\t\t\t\t\t\t\t\t\t\t\t\t\t\t\t\t<div class=\"the7-simple-post-thumb\">\n\t\t\t\t\t\t\t\t\t\t<div class=\"post-thumbnail-rollover layzr-bg img-css-resize-wrapper\" aria-label=\"Post image\"><img decoding=\"async\" width=\"1500\" height=\"1000\" src=\"data:image\/svg+xml,%3Csvg%20xmlns%3D&#039;http%3A%2F%2Fwww.w3.org%2F2000%2Fsvg&#039;%20viewBox%3D&#039;0%200%201500%201000&#039;%2F%3E\" class=\"attachment-full size-full preload-me aspect lazy lazy-load\" alt=\"Zwei Personen trainieren im Fitnessstudio, w\u00e4hrend das Fitnesscenter die digitale Verwaltung der Mitgliedschaften optimiert.\" sizes=\"(max-width: 1500px) 100vw, 1500px\" style=\"--ratio: 1500 \/ 1000;\" data-src=\"https:\/\/www.fastreplysignature.it\/wp-content\/uploads\/2024\/12\/casi-di-successo-fast-reply.jpg\" loading=\"eager\" data-srcset=\"https:\/\/www.fastreplysignature.it\/wp-content\/uploads\/2024\/12\/casi-di-successo-fast-reply.jpg 1500w, https:\/\/www.fastreplysignature.it\/wp-content\/uploads\/2024\/12\/casi-di-successo-fast-reply-300x200.jpg 300w, https:\/\/www.fastreplysignature.it\/wp-content\/uploads\/2024\/12\/casi-di-successo-fast-reply-1024x683.jpg 1024w, https:\/\/www.fastreplysignature.it\/wp-content\/uploads\/2024\/12\/casi-di-successo-fast-reply-768x512.jpg 768w\" \/><span class=\"the7-hover-icon\"><svg xmlns=\"http:\/\/www.w3.org\/2000\/svg\" viewBox=\"0 0 24 24\" width=\"24\" height=\"24\"><path fill=\"none\" d=\"M0 0h24v24H0z\"><\/path><path d=\"M4.5 10.5c-.825 0-1.5.675-1.5 1.5s.675 1.5 1.5 1.5S6 12.825 6 12s-.675-1.5-1.5-1.5zm15 0c-.825 0-1.5.675-1.5 1.5s.675 1.5 1.5 1.5S21 12.825 21 12s-.675-1.5-1.5-1.5zm-7.5 0c-.825 0-1.5.675-1.5 1.5s.675 1.5 1.5 1.5 1.5-.675 1.5-1.5-.675-1.5-1.5-1.5z\"><\/path><\/svg><\/span><\/div>\t\t\t\t\t\t\t\t\t<\/div>\n\t\t\t\t\t\t\t\t\t\t\t\t\t\t\t\t<div class=\"post-entry-content\">\n\t\t\t\t\t\t\t\t\t<h5 class=\"heading\"><span title=\"Optimierung der Online-Anmeldeverwaltung in einem Fitnessstudio\" class=\"post-title\">Optimierung der Online-Anmeldeverwaltung in einem Fitnessstudio<\/span><\/h5><p class=\"short-description\">Erfahren Sie, wie ein Fitnessstudio die Verwaltung der Anmeldungen optimiert hat, indem es die Wartezeiten verk\u00fcrzt und die betrieblichen Effizienzen durch den Einsatz von FastReply Signature verbessert hat.<\/p><button href=\"https:\/\/www.fastreplysignature.it\/de\/optimierung-der-online-anmeldeverwaltung-in-einem-fitnessstudio\/\" target=\"\" aria-label=\"Read more about Optimierung der Online-Anmeldeverwaltung in einem Fitnessstudio\" class=\"box-button elementor-button elementor-size-sm\">Lies alles<\/button>\t\t\t\t\t\t\t\t<\/div>\n\t\t\t\t\t\t\t<\/div>\n\t\t\t\t\t\t<\/article>\n\t\t\t\t\t<\/a>\t\t\t\t\t\t\t\t<\/div>\n\t\t<div class=\"paginator filter-decorations filter-pointer-underline filter-animation-fade\" role=\"navigation\"><a href=\"https:\/\/www.fastreplysignature.it\/de\/wp-json\/wp\/v2\/pages\/10575\/\" class=\"page-numbers filter-item act\" data-page-num=\"1\">1<\/a><a href=\"https:\/\/www.fastreplysignature.it\/de\/wp-json\/wp\/v2\/pages\/10575\/page\/2\/\" class=\"page-numbers filter-item \" data-page-num=\"2\">2<\/a><a href=\"https:\/\/www.fastreplysignature.it\/de\/wp-json\/wp\/v2\/pages\/10575\/page\/3\/\" class=\"page-numbers filter-item \" data-page-num=\"3\">3<\/a><a href=\"https:\/\/www.fastreplysignature.it\/de\/wp-json\/wp\/v2\/pages\/10575\/page\/2\/\" class=\"page-numbers nav-next filter-item\" data-page-num=\"2\" >\u2192<\/a><\/div><\/div>\t\t<\/div>\n\t\t\t\t<\/div>\n\t\t\t\t\t<\/div>\n\t\t<\/div>\n\t\t\t\t\t<\/div>\n\t\t<\/section>\n\t\t\t\t<\/div>\n\t\t","protected":false},"excerpt":{"rendered":"<p>Erfolgsgeschichten FastReplySignature In diesem abschnitt kannst du einige der wichtigsten Erfolgsgeschichten unserer elektronischen signatursoftware lesen. Optimierung des dokumentenmanagements in Alten- und pflegeheimen Erfahren sie, wie ein renommiertes Alten- und Pflegeheim mit FastReply Signature die dokumentenverwaltung transformiert und die betriebseffizienz optimiert hat. Lies alles Digitalisierung von vertr\u00e4gen f\u00fcr ferienwohnungen Erfahren sie, wie ein ferienhausbesitzer die verwaltung&hellip;<\/p>\n","protected":false},"author":1,"featured_media":0,"parent":0,"menu_order":140,"comment_status":"closed","ping_status":"closed","template":"elementor_header_footer","meta":{"footnotes":""},"class_list":["post-10575","page","type-page","status-publish","hentry"],"_links":{"self":[{"href":"https:\/\/www.fastreplysignature.it\/de\/wp-json\/wp\/v2\/pages\/10575","targetHints":{"allow":["GET"]}}],"collection":[{"href":"https:\/\/www.fastreplysignature.it\/de\/wp-json\/wp\/v2\/pages"}],"about":[{"href":"https:\/\/www.fastreplysignature.it\/de\/wp-json\/wp\/v2\/types\/page"}],"author":[{"embeddable":true,"href":"https:\/\/www.fastreplysignature.it\/de\/wp-json\/wp\/v2\/users\/1"}],"replies":[{"embeddable":true,"href":"https:\/\/www.fastreplysignature.it\/de\/wp-json\/wp\/v2\/comments?post=10575"}],"version-history":[{"count":5,"href":"https:\/\/www.fastreplysignature.it\/de\/wp-json\/wp\/v2\/pages\/10575\/revisions"}],"predecessor-version":[{"id":10738,"href":"https:\/\/www.fastreplysignature.it\/de\/wp-json\/wp\/v2\/pages\/10575\/revisions\/10738"}],"wp:attachment":[{"href":"https:\/\/www.fastreplysignature.it\/de\/wp-json\/wp\/v2\/media?parent=10575"}],"curies":[{"name":"wp","href":"https:\/\/api.w.org\/{rel}","templated":true}]}}