{"id":11043,"date":"2024-09-03T09:45:54","date_gmt":"2024-09-03T07:45:54","guid":{"rendered":"https:\/\/www.fastreplysignature.it\/zusaetzliche-funktionen\/foglio-barca-per-diving-center\/"},"modified":"2025-09-29T08:42:35","modified_gmt":"2025-09-29T06:42:35","slug":"tauchboot-liste-fuer-tauchzentren","status":"publish","type":"page","link":"https:\/\/www.fastreplysignature.it\/de\/api-integrationen\/tauchboot-liste-fuer-tauchzentren\/","title":{"rendered":"Tauchboot-Liste f\u00fcr Tauchzentren"},"content":{"rendered":"\t\t<div data-elementor-type=\"wp-page\" data-elementor-id=\"11043\" class=\"elementor elementor-11043 elementor-10925\" data-elementor-post-type=\"page\">\n\t\t\t\t\t\t<section class=\"elementor-section elementor-top-section elementor-element elementor-element-56c9a99 elementor-section-stretched elementor-section-boxed elementor-section-height-default elementor-section-height-default\" data-id=\"56c9a99\" data-element_type=\"section\" data-settings=\"{&quot;background_background&quot;:&quot;classic&quot;,&quot;stretch_section&quot;:&quot;section-stretched&quot;,&quot;shape_divider_bottom&quot;:&quot;mountains&quot;}\">\n\t\t\t\t\t\t\t<div class=\"elementor-background-overlay\"><\/div>\n\t\t\t\t\t\t<div class=\"elementor-shape elementor-shape-bottom\" data-negative=\"false\">\n\t\t\t<svg xmlns=\"http:\/\/www.w3.org\/2000\/svg\" viewBox=\"0 0 1000 100\" preserveAspectRatio=\"none\">\n\t<path class=\"elementor-shape-fill\" opacity=\"0.33\" d=\"M473,67.3c-203.9,88.3-263.1-34-320.3,0C66,119.1,0,59.7,0,59.7V0h1000v59.7 c0,0-62.1,26.1-94.9,29.3c-32.8,3.3-62.8-12.3-75.8-22.1C806,49.6,745.3,8.7,694.9,4.7S492.4,59,473,67.3z\"\/>\n\t<path class=\"elementor-shape-fill\" opacity=\"0.66\" d=\"M734,67.3c-45.5,0-77.2-23.2-129.1-39.1c-28.6-8.7-150.3-10.1-254,39.1 s-91.7-34.4-149.2,0C115.7,118.3,0,39.8,0,39.8V0h1000v36.5c0,0-28.2-18.5-92.1-18.5C810.2,18.1,775.7,67.3,734,67.3z\"\/>\n\t<path class=\"elementor-shape-fill\" d=\"M766.1,28.9c-200-57.5-266,65.5-395.1,19.5C242,1.8,242,5.4,184.8,20.6C128,35.8,132.3,44.9,89.9,52.5C28.6,63.7,0,0,0,0 h1000c0,0-9.9,40.9-83.6,48.1S829.6,47,766.1,28.9z\"\/>\n<\/svg>\t\t<\/div>\n\t\t\t\t\t<div class=\"elementor-container elementor-column-gap-wide\">\n\t\t\t\t\t<div class=\"elementor-column elementor-col-50 elementor-top-column elementor-element elementor-element-30551a9\" data-id=\"30551a9\" data-element_type=\"column\">\n\t\t\t<div class=\"elementor-widget-wrap elementor-element-populated\">\n\t\t\t\t\t\t<div class=\"elementor-element elementor-element-c21c4da elementor-widget elementor-widget-heading\" data-id=\"c21c4da\" data-element_type=\"widget\" data-widget_type=\"heading.default\">\n\t\t\t\t<div class=\"elementor-widget-container\">\n\t\t\t<h2 class=\"elementor-heading-title elementor-size-default\">Erstellung des Tauchboot-Dokuments f\u00fcr Tauchzentren<\/h2>\t\t<\/div>\n\t\t\t\t<\/div>\n\t\t\t\t<div class=\"elementor-element elementor-element-a21607a elementor-widget elementor-widget-spacer\" data-id=\"a21607a\" data-element_type=\"widget\" data-widget_type=\"spacer.default\">\n\t\t\t\t<div class=\"elementor-widget-container\">\n\t\t\t\t\t<div class=\"elementor-spacer\">\n\t\t\t<div class=\"elementor-spacer-inner\"><\/div>\n\t\t<\/div>\n\t\t\t\t<\/div>\n\t\t\t\t<\/div>\n\t\t\t\t<div class=\"elementor-element elementor-element-b50d713 elementor-widget elementor-widget-text-editor\" data-id=\"b50d713\" data-element_type=\"widget\" data-widget_type=\"text-editor.default\">\n\t\t\t\t<div class=\"elementor-widget-container\">\n\t\t\t\t\t\t\t<p>Wir freuen uns, eine neue Funktion vorzustellen, die speziell f\u00fcr <strong>Tauchzentren<\/strong> entwickelt wurde, die unsere FastReplySignature-Software nutzen: die <strong>Erstellung des Teilnehmerregisters f\u00fcr jede Exkursion.<\/strong><\/p>\t\t\t\t\t\t<\/div>\n\t\t\t\t<\/div>\n\t\t\t\t\t<\/div>\n\t\t<\/div>\n\t\t\t\t<div class=\"elementor-column elementor-col-50 elementor-top-column elementor-element elementor-element-3626f30\" data-id=\"3626f30\" data-element_type=\"column\">\n\t\t\t<div class=\"elementor-widget-wrap elementor-element-populated\">\n\t\t\t\t\t\t<div class=\"elementor-element elementor-element-f1856da elementor-invisible elementor-widget elementor-widget-image\" data-id=\"f1856da\" data-element_type=\"widget\" data-settings=\"{&quot;_animation&quot;:&quot;fadeInRight&quot;,&quot;_animation_delay&quot;:100}\" data-widget_type=\"image.default\">\n\t\t\t\t<div class=\"elementor-widget-container\">\n\t\t\t\t\t\t\t\t\t\t\t\t\t<img fetchpriority=\"high\" decoding=\"async\" width=\"1500\" height=\"981\" src=\"https:\/\/www.fastreplysignature.it\/wp-content\/uploads\/2024\/09\/fastreplysignature-11_foglio-barca.png\" class=\"attachment-full size-full wp-image-10922\" alt=\"\" srcset=\"https:\/\/www.fastreplysignature.it\/wp-content\/uploads\/2024\/09\/fastreplysignature-11_foglio-barca.png 1500w, https:\/\/www.fastreplysignature.it\/wp-content\/uploads\/2024\/09\/fastreplysignature-11_foglio-barca-300x196.png 300w, https:\/\/www.fastreplysignature.it\/wp-content\/uploads\/2024\/09\/fastreplysignature-11_foglio-barca-1024x670.png 1024w, https:\/\/www.fastreplysignature.it\/wp-content\/uploads\/2024\/09\/fastreplysignature-11_foglio-barca-768x502.png 768w\" sizes=\"(max-width: 1500px) 100vw, 1500px\" \/>\t\t\t\t\t\t\t\t\t\t\t\t\t<\/div>\n\t\t\t\t<\/div>\n\t\t\t\t\t<\/div>\n\t\t<\/div>\n\t\t\t\t\t<\/div>\n\t\t<\/section>\n\t\t\t\t<section class=\"elementor-section elementor-top-section elementor-element elementor-element-2d25d38 elementor-section-boxed elementor-section-height-default elementor-section-height-default\" data-id=\"2d25d38\" data-element_type=\"section\">\n\t\t\t\t\t\t<div class=\"elementor-container elementor-column-gap-wide\">\n\t\t\t\t\t<div class=\"elementor-column elementor-col-100 elementor-top-column elementor-element elementor-element-8c53f99\" data-id=\"8c53f99\" data-element_type=\"column\">\n\t\t\t<div class=\"elementor-widget-wrap elementor-element-populated\">\n\t\t\t\t\t\t<div class=\"elementor-element elementor-element-aca538f elementor-widget__width-initial elementor-widget elementor-widget-heading\" data-id=\"aca538f\" data-element_type=\"widget\" data-widget_type=\"heading.default\">\n\t\t\t\t<div class=\"elementor-widget-container\">\n\t\t\t<h3 class=\"elementor-heading-title elementor-size-default\">Beschleunigen Sie Ihre Vorbereitungen<\/h3>\t\t<\/div>\n\t\t\t\t<\/div>\n\t\t\t\t\t<\/div>\n\t\t<\/div>\n\t\t\t\t\t<\/div>\n\t\t<\/section>\n\t\t\t\t<section class=\"elementor-section elementor-top-section elementor-element elementor-element-9e3a090 elementor-section-boxed elementor-section-height-default elementor-section-height-default\" data-id=\"9e3a090\" data-element_type=\"section\" id=\"manleva\" data-settings=\"{&quot;background_background&quot;:&quot;classic&quot;,&quot;shape_divider_top&quot;:&quot;mountains&quot;}\">\n\t\t\t\t\t<div class=\"elementor-shape elementor-shape-top\" data-negative=\"false\">\n\t\t\t<svg xmlns=\"http:\/\/www.w3.org\/2000\/svg\" viewBox=\"0 0 1000 100\" preserveAspectRatio=\"none\">\n\t<path class=\"elementor-shape-fill\" opacity=\"0.33\" d=\"M473,67.3c-203.9,88.3-263.1-34-320.3,0C66,119.1,0,59.7,0,59.7V0h1000v59.7 c0,0-62.1,26.1-94.9,29.3c-32.8,3.3-62.8-12.3-75.8-22.1C806,49.6,745.3,8.7,694.9,4.7S492.4,59,473,67.3z\"\/>\n\t<path class=\"elementor-shape-fill\" opacity=\"0.66\" d=\"M734,67.3c-45.5,0-77.2-23.2-129.1-39.1c-28.6-8.7-150.3-10.1-254,39.1 s-91.7-34.4-149.2,0C115.7,118.3,0,39.8,0,39.8V0h1000v36.5c0,0-28.2-18.5-92.1-18.5C810.2,18.1,775.7,67.3,734,67.3z\"\/>\n\t<path class=\"elementor-shape-fill\" d=\"M766.1,28.9c-200-57.5-266,65.5-395.1,19.5C242,1.8,242,5.4,184.8,20.6C128,35.8,132.3,44.9,89.9,52.5C28.6,63.7,0,0,0,0 h1000c0,0-9.9,40.9-83.6,48.1S829.6,47,766.1,28.9z\"\/>\n<\/svg>\t\t<\/div>\n\t\t\t\t\t<div class=\"elementor-container elementor-column-gap-wide\">\n\t\t\t\t\t<div class=\"elementor-column elementor-col-100 elementor-top-column elementor-element elementor-element-5c02c67\" data-id=\"5c02c67\" data-element_type=\"column\">\n\t\t\t<div class=\"elementor-widget-wrap elementor-element-populated\">\n\t\t\t\t\t\t<div class=\"elementor-element elementor-element-1d771e1 elementor-widget elementor-widget-spacer\" data-id=\"1d771e1\" data-element_type=\"widget\" data-widget_type=\"spacer.default\">\n\t\t\t\t<div class=\"elementor-widget-container\">\n\t\t\t\t\t<div class=\"elementor-spacer\">\n\t\t\t<div class=\"elementor-spacer-inner\"><\/div>\n\t\t<\/div>\n\t\t\t\t<\/div>\n\t\t\t\t<\/div>\n\t\t\t\t<div class=\"elementor-element elementor-element-4038b7d elementor-widget elementor-widget-text-editor\" data-id=\"4038b7d\" data-element_type=\"widget\" data-widget_type=\"text-editor.default\">\n\t\t\t\t<div class=\"elementor-widget-container\">\n\t\t\t\t\t\t\t<p><strong>Verlassen Sie die manuellen Prozesse<\/strong> zur Erstellung von <strong>Boardinglisten<\/strong> und <strong>Bootsdokumenten<\/strong>. Diese neue Funktion vereinfacht den gesamten Prozess durch <strong>Digitalisierung<\/strong>.<\/p><p>Mit nur wenigen Klicks k\u00f6nnen <strong>Sie jetzt automatisch ein Bootsdokument<\/strong> auf personalisiertem Briefpapier erstellen, einschlie\u00dflich aller wesentlichen Details. Dies reduziert nicht nur das Risiko von Fehlern, sondern erm\u00f6glicht Ihnen auch, jede Tauchexkursion effizienter und pr\u00e4ziser vorzubereiten.<\/p>\t\t\t\t\t\t<\/div>\n\t\t\t\t<\/div>\n\t\t\t\t\t<\/div>\n\t\t<\/div>\n\t\t\t\t\t<\/div>\n\t\t<\/section>\n\t\t\t\t<section class=\"elementor-section elementor-top-section elementor-element elementor-element-f1c8bb2 elementor-section-boxed elementor-section-height-default elementor-section-height-default\" data-id=\"f1c8bb2\" data-element_type=\"section\" data-settings=\"{&quot;background_background&quot;:&quot;classic&quot;}\">\n\t\t\t\t\t\t<div class=\"elementor-container elementor-column-gap-wide\">\n\t\t\t\t\t<div class=\"elementor-column elementor-col-100 elementor-top-column elementor-element elementor-element-2291c48\" data-id=\"2291c48\" data-element_type=\"column\">\n\t\t\t<div class=\"elementor-widget-wrap elementor-element-populated\">\n\t\t\t\t\t\t<div class=\"elementor-element elementor-element-08392bb elementor-widget__width-initial elementor-widget elementor-widget-heading\" data-id=\"08392bb\" data-element_type=\"widget\" data-widget_type=\"heading.default\">\n\t\t\t\t<div class=\"elementor-widget-container\">\n\t\t\t<h4 class=\"elementor-heading-title elementor-size-medium\">So funktioniert es<\/h4>\t\t<\/div>\n\t\t\t\t<\/div>\n\t\t\t\t<div class=\"elementor-element elementor-element-e99a718 elementor-widget elementor-widget-spacer\" data-id=\"e99a718\" data-element_type=\"widget\" data-widget_type=\"spacer.default\">\n\t\t\t\t<div class=\"elementor-widget-container\">\n\t\t\t\t\t<div class=\"elementor-spacer\">\n\t\t\t<div class=\"elementor-spacer-inner\"><\/div>\n\t\t<\/div>\n\t\t\t\t<\/div>\n\t\t\t\t<\/div>\n\t\t\t\t<div class=\"elementor-element elementor-element-d6e7246 elementor-widget elementor-widget-text-editor\" data-id=\"d6e7246\" data-element_type=\"widget\" data-widget_type=\"text-editor.default\">\n\t\t\t\t<div class=\"elementor-widget-container\">\n\t\t\t\t\t\t\t<ul><li><strong>Bootsdokument-Kompilierung<\/strong>: Vor jedem Tauchgang kann das Tauchzentrum FastReplySignature verwenden, um automatisch ein <strong>Bootsdokument auf personalisiertem Briefpapier<\/strong> zu erstellen. Dieses Dokument enth\u00e4lt alle <strong>wesentlichen Details<\/strong> wie den Namen des Bootes, die Crewmitglieder (einschlie\u00dflich der Instruktoren), die Liste der Teilnehmer am Tauchgang und den Tauchort.<\/li><li><strong>Teilnehmerauswahl<\/strong>: Das System erm\u00f6glicht es Ihnen, die <strong>Liste aller Personen<\/strong> anzuzeigen, die k\u00fcrzlich die <a href=\"\/de\/personalisierung\/#manleva\"><strong>Haftungsausschlusserkl\u00e4rung unterschrieben haben<\/strong><\/a>. Aus dieser Liste k\u00f6nnen Sie mit einer <strong>Reihe von Filtern<\/strong> die <strong>Teilnehmer<\/strong> f\u00fcr den <strong>spezifischen Tauchgang<\/strong> mit einem Klick <strong>ausw\u00e4hlen<\/strong>.<\/li><li><strong>Druck des Bootsdokuments<\/strong>: Nach der Erstellung des Bootsdokuments ist das <strong>Dokument druckbereit<\/strong>. Dies stellt sicher, dass Sie ein vollst\u00e4ndiges und gut organisiertes Dokument zur Hand haben, das w\u00e4hrend der Exkursion verwendet werden kann. Das System erm\u00f6glicht es Ihnen, die <strong>wichtigsten Informationen jedes Kunden<\/strong>, der am Tauchgang teilnimmt, zu sammeln und zu organisieren, wie Name, Telefonnummer, E-Mail, Anzahl der Tauchg\u00e4nge, Art der Zertifizierung und andere relevante Daten.<\/li><\/ul>\t\t\t\t\t\t<\/div>\n\t\t\t\t<\/div>\n\t\t\t\t\t<\/div>\n\t\t<\/div>\n\t\t\t\t\t<\/div>\n\t\t<\/section>\n\t\t\t\t<section class=\"elementor-section elementor-top-section elementor-element elementor-element-7d3273b elementor-section-boxed elementor-section-height-default elementor-section-height-default\" data-id=\"7d3273b\" data-element_type=\"section\">\n\t\t\t\t\t\t<div class=\"elementor-container elementor-column-gap-default\">\n\t\t\t\t\t<div class=\"elementor-column elementor-col-100 elementor-top-column elementor-element elementor-element-14b138f\" data-id=\"14b138f\" data-element_type=\"column\">\n\t\t\t<div class=\"elementor-widget-wrap elementor-element-populated\">\n\t\t\t\t\t\t<div class=\"elementor-element elementor-element-5ce6d26 elementor-widget elementor-widget-spacer\" data-id=\"5ce6d26\" data-element_type=\"widget\" data-widget_type=\"spacer.default\">\n\t\t\t\t<div class=\"elementor-widget-container\">\n\t\t\t\t\t<div class=\"elementor-spacer\">\n\t\t\t<div class=\"elementor-spacer-inner\"><\/div>\n\t\t<\/div>\n\t\t\t\t<\/div>\n\t\t\t\t<\/div>\n\t\t\t\t<div class=\"elementor-element elementor-element-35a936f elementor-widget__width-initial elementor-widget elementor-widget-heading\" data-id=\"35a936f\" data-element_type=\"widget\" data-widget_type=\"heading.default\">\n\t\t\t\t<div class=\"elementor-widget-container\">\n\t\t\t<h3 class=\"elementor-heading-title elementor-size-default\">Warum ist das Bootsbuch wichtig?<\/h3>\t\t<\/div>\n\t\t\t\t<\/div>\n\t\t\t\t<div class=\"elementor-element elementor-element-cf90fc2 elementor-widget elementor-widget-spacer\" data-id=\"cf90fc2\" data-element_type=\"widget\" data-widget_type=\"spacer.default\">\n\t\t\t\t<div class=\"elementor-widget-container\">\n\t\t\t\t\t<div class=\"elementor-spacer\">\n\t\t\t<div class=\"elementor-spacer-inner\"><\/div>\n\t\t<\/div>\n\t\t\t\t<\/div>\n\t\t\t\t<\/div>\n\t\t\t\t<div class=\"elementor-element elementor-element-b7c5adb elementor-widget elementor-widget-text-editor\" data-id=\"b7c5adb\" data-element_type=\"widget\" data-widget_type=\"text-editor.default\">\n\t\t\t\t<div class=\"elementor-widget-container\">\n\t\t\t\t\t\t\tEin Anwesenheitsregister an Bord ist eine weit verbreitete Praxis in Tauchzentren, sowohl aus Sicherheitsgr\u00fcnden als auch zur Optimierung der Abl\u00e4ufe. Hier die wichtigsten Gr\u00fcnde:\n<ul>\n \t<li><strong>Sicherheit:<\/strong> Eine aktualisierte Liste der Personen an Bord (Taucher, Ausbilder, Guides und Besatzung) erm\u00f6glicht einen genauen \u00dcberblick in Notfallsituationen, zum Beispiel um festzustellen, wer noch taucht und wer bereits aufgetaucht ist.<\/li>\n \t<li><strong>Interne Verfahren:<\/strong> Viele Tauchzentren folgen internen Protokollen, die Anwesenheitskontrollen in verschiedenen kritischen Phasen der Aktivit\u00e4t vorsehen. Es ist ratsam, beim ersten Briefing ein Check-in durchzuf\u00fchren, um die Teilnehmer zu \u00fcberpr\u00fcfen, eine Kontrolle beim Einsteigen ins Boot, um sicherzustellen, dass alle an Bord sind, und eine weitere Kontrolle nach dem Tauchgang, um zu garantieren, dass alle sicher zur\u00fcckgekehrt sind. Diese Schritte gew\u00e4hrleisten die Einhaltung der Sicherheitsstandards und sorgen f\u00fcr eine klare R\u00fcckverfolgbarkeit der Teilnehmer.<\/li>\n \t<li><strong>Lokale Vorschriften:<\/strong> In einigen Regionen verlangen die Seebeh\u00f6rden die Passagierliste als Teil der Standarddokumentation f\u00fcr Seeoperationen.<\/li>\n<\/ul>\nDank <strong>FastReplySignature<\/strong> wird die Verwaltung des Bootsbuchs, also des <strong>Anwesenheitsregisters an Bord der G\u00e4ste,<\/strong> einfacher, schneller und sicherer.\n<strong>Optimieren Sie noch heute Ihre Organisation<\/strong> und widmen Sie mehr Zeit dem, was wirklich z\u00e4hlt: <strong>unvergessliche Taucherlebnisse f\u00fcr Ihre Kunden!<\/strong>\t\t\t\t\t\t<\/div>\n\t\t\t\t<\/div>\n\t\t\t\t<div class=\"elementor-element elementor-element-31d03d6 elementor-widget elementor-widget-spacer\" data-id=\"31d03d6\" data-element_type=\"widget\" data-widget_type=\"spacer.default\">\n\t\t\t\t<div class=\"elementor-widget-container\">\n\t\t\t\t\t<div class=\"elementor-spacer\">\n\t\t\t<div class=\"elementor-spacer-inner\"><\/div>\n\t\t<\/div>\n\t\t\t\t<\/div>\n\t\t\t\t<\/div>\n\t\t\t\t\t<\/div>\n\t\t<\/div>\n\t\t\t\t\t<\/div>\n\t\t<\/section>\n\t\t\t\t<section class=\"elementor-section elementor-top-section elementor-element elementor-element-11cc7abb elementor-section-boxed elementor-section-height-default elementor-section-height-default\" data-id=\"11cc7abb\" data-element_type=\"section\">\n\t\t\t\t\t\t<div class=\"elementor-container elementor-column-gap-wide\">\n\t\t\t\t\t<div class=\"elementor-column elementor-col-50 elementor-top-column elementor-element elementor-element-6f62168f\" data-id=\"6f62168f\" data-element_type=\"column\">\n\t\t\t<div class=\"elementor-widget-wrap elementor-element-populated\">\n\t\t\t\t\t\t<div class=\"elementor-element elementor-element-1288c298 elementor-widget__width-initial elementor-widget elementor-widget-heading\" data-id=\"1288c298\" data-element_type=\"widget\" data-widget_type=\"heading.default\">\n\t\t\t\t<div class=\"elementor-widget-container\">\n\t\t\t<h3 class=\"elementor-heading-title elementor-size-default\">Vorteile<\/h3>\t\t<\/div>\n\t\t\t\t<\/div>\n\t\t\t\t<div class=\"elementor-element elementor-element-70f6d88 elementor-widget elementor-widget-spacer\" data-id=\"70f6d88\" data-element_type=\"widget\" data-widget_type=\"spacer.default\">\n\t\t\t\t<div class=\"elementor-widget-container\">\n\t\t\t\t\t<div class=\"elementor-spacer\">\n\t\t\t<div class=\"elementor-spacer-inner\"><\/div>\n\t\t<\/div>\n\t\t\t\t<\/div>\n\t\t\t\t<\/div>\n\t\t\t\t<div class=\"elementor-element elementor-element-759a6a2 elementor-widget elementor-widget-text-editor\" data-id=\"759a6a2\" data-element_type=\"widget\" data-widget_type=\"text-editor.default\">\n\t\t\t\t<div class=\"elementor-widget-container\">\n\t\t\t\t\t\t\tMit dieser neuen Funktion sparen Sie nicht nur wertvolle Zeit, sondern verbessern auch die Verwaltung Ihrer Tauchaktivit\u00e4ten, sodass sich Ihr Personal mehr auf das Kundenerlebnis als auf die Dokumentation konzentrieren kann.\t\t\t\t\t\t<\/div>\n\t\t\t\t<\/div>\n\t\t\t\t\t<\/div>\n\t\t<\/div>\n\t\t\t\t<div class=\"elementor-column elementor-col-50 elementor-top-column elementor-element elementor-element-5ea85420\" data-id=\"5ea85420\" data-element_type=\"column\">\n\t\t\t<div class=\"elementor-widget-wrap elementor-element-populated\">\n\t\t\t\t\t\t<div class=\"elementor-element elementor-element-d5b81b elementor-align-center elementor-widget__width-auto elementor-widget elementor-widget-the7_button_widget\" data-id=\"d5b81b\" data-element_type=\"widget\" data-widget_type=\"the7_button_widget.default\">\n\t\t\t\t<div class=\"elementor-widget-container\">\n\t\t\t<div class=\"elementor-button-wrapper\"><a href=\"https:\/\/admin.fastreplysignature.it\/register\" class=\"box-button elementor-button elementor-size-lg\">Probieren Sie es kostenlos aus<svg xmlns=\"http:\/\/www.w3.org\/2000\/svg\" viewBox=\"0 0 24 24\" width=\"24\" height=\"24\"><path fill=\"none\" d=\"M0 0h24v24H0z\"><\/path><path d=\"M16.172 11l-5.364-5.364 1.414-1.414L20 12l-7.778 7.778-1.414-1.414L16.172 13H4v-2z\"><\/path><\/svg><\/a><\/div>\t\t<\/div>\n\t\t\t\t<\/div>\n\t\t\t\t\t<\/div>\n\t\t<\/div>\n\t\t\t\t\t<\/div>\n\t\t<\/section>\n\t\t\t\t<\/div>\n\t\t","protected":false},"excerpt":{"rendered":"<p>Erstellung des Tauchboot-Dokuments f\u00fcr Tauchzentren Wir freuen uns, eine neue Funktion vorzustellen, die speziell f\u00fcr Tauchzentren entwickelt wurde, die unsere FastReplySignature-Software nutzen: die Erstellung des Teilnehmerregisters f\u00fcr jede Exkursion. Beschleunigen Sie Ihre Vorbereitungen Verlassen Sie die manuellen Prozesse zur Erstellung von Boardinglisten und Bootsdokumenten. Diese neue Funktion vereinfacht den gesamten Prozess durch Digitalisierung. Mit nur&hellip;<\/p>\n","protected":false},"author":2,"featured_media":0,"parent":11031,"menu_order":20,"comment_status":"closed","ping_status":"closed","template":"elementor_header_footer","meta":{"footnotes":""},"class_list":["post-11043","page","type-page","status-publish","hentry"],"_links":{"self":[{"href":"https:\/\/www.fastreplysignature.it\/de\/wp-json\/wp\/v2\/pages\/11043","targetHints":{"allow":["GET"]}}],"collection":[{"href":"https:\/\/www.fastreplysignature.it\/de\/wp-json\/wp\/v2\/pages"}],"about":[{"href":"https:\/\/www.fastreplysignature.it\/de\/wp-json\/wp\/v2\/types\/page"}],"author":[{"embeddable":true,"href":"https:\/\/www.fastreplysignature.it\/de\/wp-json\/wp\/v2\/users\/2"}],"replies":[{"embeddable":true,"href":"https:\/\/www.fastreplysignature.it\/de\/wp-json\/wp\/v2\/comments?post=11043"}],"version-history":[{"count":5,"href":"https:\/\/www.fastreplysignature.it\/de\/wp-json\/wp\/v2\/pages\/11043\/revisions"}],"predecessor-version":[{"id":12105,"href":"https:\/\/www.fastreplysignature.it\/de\/wp-json\/wp\/v2\/pages\/11043\/revisions\/12105"}],"up":[{"embeddable":true,"href":"https:\/\/www.fastreplysignature.it\/de\/wp-json\/wp\/v2\/pages\/11031"}],"wp:attachment":[{"href":"https:\/\/www.fastreplysignature.it\/de\/wp-json\/wp\/v2\/media?parent=11043"}],"curies":[{"name":"wp","href":"https:\/\/api.w.org\/{rel}","templated":true}]}}