{"id":9961,"date":"2022-12-19T18:12:29","date_gmt":"2022-12-19T17:12:29","guid":{"rendered":"https:\/\/www.fastreplysignature.it\/casi-di-successo\/"},"modified":"2024-07-16T13:56:59","modified_gmt":"2024-07-16T11:56:59","slug":"succes-stories","status":"publish","type":"page","link":"https:\/\/www.fastreplysignature.it\/en\/succes-stories\/","title":{"rendered":"Succes Stories"},"content":{"rendered":"\t\t<div data-elementor-type=\"wp-page\" data-elementor-id=\"9961\" class=\"elementor elementor-9961 elementor-7660\" data-elementor-post-type=\"page\">\n\t\t\t\t\t\t<section class=\"elementor-section elementor-top-section elementor-element elementor-element-00c1b35 elementor-section-stretched elementor-section-boxed elementor-section-height-default elementor-section-height-default\" data-id=\"00c1b35\" data-element_type=\"section\" data-settings=\"{&quot;stretch_section&quot;:&quot;section-stretched&quot;,&quot;background_background&quot;:&quot;classic&quot;,&quot;shape_divider_bottom&quot;:&quot;mountains&quot;}\">\n\t\t\t\t\t\t\t<div class=\"elementor-background-overlay\"><\/div>\n\t\t\t\t\t\t<div class=\"elementor-shape elementor-shape-bottom\" data-negative=\"false\">\n\t\t\t<svg xmlns=\"http:\/\/www.w3.org\/2000\/svg\" viewBox=\"0 0 1000 100\" preserveAspectRatio=\"none\">\n\t<path class=\"elementor-shape-fill\" opacity=\"0.33\" d=\"M473,67.3c-203.9,88.3-263.1-34-320.3,0C66,119.1,0,59.7,0,59.7V0h1000v59.7 c0,0-62.1,26.1-94.9,29.3c-32.8,3.3-62.8-12.3-75.8-22.1C806,49.6,745.3,8.7,694.9,4.7S492.4,59,473,67.3z\"\/>\n\t<path class=\"elementor-shape-fill\" opacity=\"0.66\" d=\"M734,67.3c-45.5,0-77.2-23.2-129.1-39.1c-28.6-8.7-150.3-10.1-254,39.1 s-91.7-34.4-149.2,0C115.7,118.3,0,39.8,0,39.8V0h1000v36.5c0,0-28.2-18.5-92.1-18.5C810.2,18.1,775.7,67.3,734,67.3z\"\/>\n\t<path class=\"elementor-shape-fill\" d=\"M766.1,28.9c-200-57.5-266,65.5-395.1,19.5C242,1.8,242,5.4,184.8,20.6C128,35.8,132.3,44.9,89.9,52.5C28.6,63.7,0,0,0,0 h1000c0,0-9.9,40.9-83.6,48.1S829.6,47,766.1,28.9z\"\/>\n<\/svg>\t\t<\/div>\n\t\t\t\t\t<div class=\"elementor-container elementor-column-gap-default\">\n\t\t\t\t\t<div class=\"elementor-column elementor-col-50 elementor-top-column elementor-element elementor-element-4efd1e3\" data-id=\"4efd1e3\" data-element_type=\"column\">\n\t\t\t<div class=\"elementor-widget-wrap elementor-element-populated\">\n\t\t\t\t\t\t<div class=\"elementor-element elementor-element-f4408c6 elementor-widget elementor-widget-heading\" data-id=\"f4408c6\" data-element_type=\"widget\" data-widget_type=\"heading.default\">\n\t\t\t\t<div class=\"elementor-widget-container\">\n\t\t\t<h2 class=\"elementor-heading-title elementor-size-default\">Succes Stories of<br>FastReplySignature<\/h2>\t\t<\/div>\n\t\t\t\t<\/div>\n\t\t\t\t<div class=\"elementor-element elementor-element-90bdd62 elementor-widget elementor-widget-spacer\" data-id=\"90bdd62\" data-element_type=\"widget\" data-widget_type=\"spacer.default\">\n\t\t\t\t<div class=\"elementor-widget-container\">\n\t\t\t\t\t<div class=\"elementor-spacer\">\n\t\t\t<div class=\"elementor-spacer-inner\"><\/div>\n\t\t<\/div>\n\t\t\t\t<\/div>\n\t\t\t\t<\/div>\n\t\t\t\t<div class=\"elementor-element elementor-element-c2013f4 elementor-widget elementor-widget-text-editor\" data-id=\"c2013f4\" data-element_type=\"widget\" data-widget_type=\"text-editor.default\">\n\t\t\t\t<div class=\"elementor-widget-container\">\n\t\t\t\t\t\t\t<p>In this section, you can read some of the key success stories of our electronic signature software.<\/p>\t\t\t\t\t\t<\/div>\n\t\t\t\t<\/div>\n\t\t\t\t\t<\/div>\n\t\t<\/div>\n\t\t\t\t<div class=\"elementor-column elementor-col-50 elementor-top-column elementor-element elementor-element-f27a9a5\" data-id=\"f27a9a5\" data-element_type=\"column\">\n\t\t\t<div class=\"elementor-widget-wrap\">\n\t\t\t\t\t\t\t<\/div>\n\t\t<\/div>\n\t\t\t\t\t<\/div>\n\t\t<\/section>\n\t\t\t\t<section class=\"elementor-section elementor-top-section elementor-element elementor-element-81941b0 elementor-section-boxed elementor-section-height-default elementor-section-height-default\" data-id=\"81941b0\" data-element_type=\"section\">\n\t\t\t\t\t\t<div class=\"elementor-container elementor-column-gap-wide\">\n\t\t\t\t\t<div class=\"elementor-column elementor-col-100 elementor-top-column elementor-element elementor-element-c4c3d6a\" data-id=\"c4c3d6a\" data-element_type=\"column\">\n\t\t\t<div class=\"elementor-widget-wrap elementor-element-populated\">\n\t\t\t\t\t\t<div class=\"elementor-element elementor-element-a3e0afc img-align-top icon-box-vertical-align-top image-vertical-align-start preserve-img-ratio-cover slide-h-position-left elementor-widget elementor-widget-the7-elements-simple-posts\" data-id=\"a3e0afc\" data-element_type=\"widget\" data-widget_type=\"the7-elements-simple-posts.default\">\n\t\t\t\t<div class=\"elementor-widget-container\">\n\t\t\t<div class=\"the7-simple-widget-posts the7-elementor-widget the7-elements-simple-posts-a3e0afc\" data-post-limit=\"-1\" data-pagination-mode=\"standard\" data-scroll-offset=\"\">\t\t\t<div class=\"dt-css-grid custom-pagination-handler\" data-columns=\"{&quot;d&quot;:2,&quot;t&quot;:2,&quot;p&quot;:1,&quot;wd&quot;:&quot;&quot;}\">\n\t\t\t\t\t\t\t\t\t<a class=\"wf-cell visible box-hover\" href=\"https:\/\/www.fastreplysignature.it\/en\/diving-center-needing-to-simplify-the-collection-of-liability-waivers\/\" target=\"\">\n\t\t\t\t\t\t<article class=\"post visible wrapper post-10010 type-post status-publish format-standard has-post-thumbnail hentry category-casi-di-successo category-success-stories\">\n\n\t\t\t\t\t\t\t<div class=\"post-content-wrapper\">\n\t\t\t\t\t\t\t\t\t\t\t\t\t\t\t\t\t<div class=\"the7-simple-post-thumb\">\n\t\t\t\t\t\t\t\t\t\t<div class=\"post-thumbnail-rollover layzr-bg img-css-resize-wrapper\" aria-label=\"Post image\"><img fetchpriority=\"high\" decoding=\"async\" width=\"1500\" height=\"1000\" src=\"data:image\/svg+xml,%3Csvg%20xmlns%3D&#039;http%3A%2F%2Fwww.w3.org%2F2000%2Fsvg&#039;%20viewBox%3D&#039;0%200%201500%201000&#039;%2F%3E\" class=\"attachment-full size-full preload-me aspect lazy lazy-load\" alt=\"Scuba diver in the sea, symbolizing the digital management of liability forms and data collection for diving centers.\" sizes=\"(max-width: 1500px) 100vw, 1500px\" style=\"--ratio: 1500 \/ 1000;\" data-src=\"https:\/\/www.fastreplysignature.it\/wp-content\/uploads\/2023\/08\/diving-center.png\" loading=\"eager\" data-srcset=\"https:\/\/www.fastreplysignature.it\/wp-content\/uploads\/2023\/08\/diving-center.png 1500w, https:\/\/www.fastreplysignature.it\/wp-content\/uploads\/2023\/08\/diving-center-300x200.png 300w, https:\/\/www.fastreplysignature.it\/wp-content\/uploads\/2023\/08\/diving-center-1024x683.png 1024w, https:\/\/www.fastreplysignature.it\/wp-content\/uploads\/2023\/08\/diving-center-768x512.png 768w, https:\/\/www.fastreplysignature.it\/wp-content\/uploads\/2023\/08\/diving-center-900x600.png 900w, https:\/\/www.fastreplysignature.it\/wp-content\/uploads\/2023\/08\/diving-center-1200x800.png 1200w\" \/><span class=\"the7-hover-icon\"><svg xmlns=\"http:\/\/www.w3.org\/2000\/svg\" viewBox=\"0 0 24 24\" width=\"24\" height=\"24\"><path fill=\"none\" d=\"M0 0h24v24H0z\"><\/path><path d=\"M4.5 10.5c-.825 0-1.5.675-1.5 1.5s.675 1.5 1.5 1.5S6 12.825 6 12s-.675-1.5-1.5-1.5zm15 0c-.825 0-1.5.675-1.5 1.5s.675 1.5 1.5 1.5S21 12.825 21 12s-.675-1.5-1.5-1.5zm-7.5 0c-.825 0-1.5.675-1.5 1.5s.675 1.5 1.5 1.5 1.5-.675 1.5-1.5-.675-1.5-1.5-1.5z\"><\/path><\/svg><\/span><\/div>\t\t\t\t\t\t\t\t\t<\/div>\n\t\t\t\t\t\t\t\t\t\t\t\t\t\t\t\t<div class=\"post-entry-content\">\n\t\t\t\t\t\t\t\t\t<h5 class=\"heading\"><span title=\"Diving center needing to simplify the collection of liability waivers\" class=\"post-title\">Diving center needing to simplify the collection of liability waivers<\/span><\/h5><p class=\"short-description\">How FastReplySignature has simplified the process of collecting customer data and liability waivers at a diving center.<\/p><button href=\"https:\/\/www.fastreplysignature.it\/en\/diving-center-needing-to-simplify-the-collection-of-liability-waivers\/\" target=\"\" aria-label=\"Read more about Diving center needing to simplify the collection of liability waivers\" class=\"box-button elementor-button elementor-size-sm\">Read more<\/button>\t\t\t\t\t\t\t\t<\/div>\n\t\t\t\t\t\t\t<\/div>\n\t\t\t\t\t\t<\/article>\n\t\t\t\t\t<\/a>\t\t\t\t\t\t\t\t\t\t<a class=\"wf-cell visible box-hover\" href=\"https:\/\/www.fastreplysignature.it\/en\/digital-signature-for-real-estate-agencies-fast-and-secure-contracts\/\" target=\"\">\n\t\t\t\t\t\t<article class=\"post visible wrapper post-12538 type-post status-publish format-standard has-post-thumbnail hentry category-exemples-de-reussite category-success-stories\">\n\n\t\t\t\t\t\t\t<div class=\"post-content-wrapper\">\n\t\t\t\t\t\t\t\t\t\t\t\t\t\t\t\t\t<div class=\"the7-simple-post-thumb\">\n\t\t\t\t\t\t\t\t\t\t<div class=\"post-thumbnail-rollover layzr-bg img-css-resize-wrapper\" aria-label=\"Post image\"><img decoding=\"async\" width=\"1920\" height=\"1280\" src=\"data:image\/svg+xml,%3Csvg%20xmlns%3D&#039;http%3A%2F%2Fwww.w3.org%2F2000%2Fsvg&#039;%20viewBox%3D&#039;0%200%201920%201280&#039;%2F%3E\" class=\"attachment-full size-full preload-me aspect lazy lazy-load\" alt=\"Un&#039;agente immobiliare \u00e8 seduta a un tavolo e mostra un tablet con un contratto digitale gi\u00e0 firmato e con un segno di spunta verde. Di fronte a lei c&#039;\u00e8 il proprietario dell&#039;immobile, seduto, che guarda soddisfatto il suo smartphone.\" sizes=\"(max-width: 1920px) 100vw, 1920px\" style=\"--ratio: 1920 \/ 1280;\" data-src=\"https:\/\/www.fastreplysignature.it\/wp-content\/uploads\/2025\/10\/agenzia-immobiliare-caso-di-successo-1.jpg\" loading=\"eager\" data-srcset=\"https:\/\/www.fastreplysignature.it\/wp-content\/uploads\/2025\/10\/agenzia-immobiliare-caso-di-successo-1.jpg 1920w, https:\/\/www.fastreplysignature.it\/wp-content\/uploads\/2025\/10\/agenzia-immobiliare-caso-di-successo-1-300x200.jpg 300w, https:\/\/www.fastreplysignature.it\/wp-content\/uploads\/2025\/10\/agenzia-immobiliare-caso-di-successo-1-1024x683.jpg 1024w, https:\/\/www.fastreplysignature.it\/wp-content\/uploads\/2025\/10\/agenzia-immobiliare-caso-di-successo-1-768x512.jpg 768w, https:\/\/www.fastreplysignature.it\/wp-content\/uploads\/2025\/10\/agenzia-immobiliare-caso-di-successo-1-1536x1024.jpg 1536w\" \/><span class=\"the7-hover-icon\"><svg xmlns=\"http:\/\/www.w3.org\/2000\/svg\" viewBox=\"0 0 24 24\" width=\"24\" height=\"24\"><path fill=\"none\" d=\"M0 0h24v24H0z\"><\/path><path d=\"M4.5 10.5c-.825 0-1.5.675-1.5 1.5s.675 1.5 1.5 1.5S6 12.825 6 12s-.675-1.5-1.5-1.5zm15 0c-.825 0-1.5.675-1.5 1.5s.675 1.5 1.5 1.5S21 12.825 21 12s-.675-1.5-1.5-1.5zm-7.5 0c-.825 0-1.5.675-1.5 1.5s.675 1.5 1.5 1.5 1.5-.675 1.5-1.5-.675-1.5-1.5-1.5z\"><\/path><\/svg><\/span><\/div>\t\t\t\t\t\t\t\t\t<\/div>\n\t\t\t\t\t\t\t\t\t\t\t\t\t\t\t\t<div class=\"post-entry-content\">\n\t\t\t\t\t\t\t\t\t<h5 class=\"heading\"><span title=\"Digital signature for real estate agencies: fast and secure contracts\" class=\"post-title\">Digital signature for real estate agencies: fast and secure contracts<\/span><\/h5><p class=\"short-description\">A well-known real estate agency streamlined contract management with property owners by adopting FastReplySignature.<\/p><button href=\"https:\/\/www.fastreplysignature.it\/en\/digital-signature-for-real-estate-agencies-fast-and-secure-contracts\/\" target=\"\" aria-label=\"Read more about Digital signature for real estate agencies: fast and secure contracts\" class=\"box-button elementor-button elementor-size-sm\">Read more<\/button>\t\t\t\t\t\t\t\t<\/div>\n\t\t\t\t\t\t\t<\/div>\n\t\t\t\t\t\t<\/article>\n\t\t\t\t\t<\/a>\t\t\t\t\t\t\t\t\t\t<a class=\"wf-cell visible box-hover\" href=\"https:\/\/www.fastreplysignature.it\/en\/parcel-pickup-and-delivery-in-hospitality-facilities-and-offices\/\" target=\"\">\n\t\t\t\t\t\t<article class=\"post visible wrapper post-11945 type-post status-publish format-standard has-post-thumbnail hentry category-casos-de-exito-es category-success-stories\">\n\n\t\t\t\t\t\t\t<div class=\"post-content-wrapper\">\n\t\t\t\t\t\t\t\t\t\t\t\t\t\t\t\t\t<div class=\"the7-simple-post-thumb\">\n\t\t\t\t\t\t\t\t\t\t<div class=\"post-thumbnail-rollover layzr-bg img-css-resize-wrapper\" aria-label=\"Post image\"><img decoding=\"async\" width=\"1500\" height=\"1000\" src=\"data:image\/svg+xml,%3Csvg%20xmlns%3D&#039;http%3A%2F%2Fwww.w3.org%2F2000%2Fsvg&#039;%20viewBox%3D&#039;0%200%201500%201000&#039;%2F%3E\" class=\"attachment-full size-full preload-me aspect lazy lazy-load\" alt=\"Receptionist using digital signature software for the delivery and collection of packages in a hospitality facility.\" sizes=\"(max-width: 1500px) 100vw, 1500px\" style=\"--ratio: 1500 \/ 1000;\" data-src=\"https:\/\/www.fastreplysignature.it\/wp-content\/uploads\/2025\/07\/caso-duso-hotel-consegna-pacchi.jpg\" loading=\"eager\" data-srcset=\"https:\/\/www.fastreplysignature.it\/wp-content\/uploads\/2025\/07\/caso-duso-hotel-consegna-pacchi.jpg 1500w, https:\/\/www.fastreplysignature.it\/wp-content\/uploads\/2025\/07\/caso-duso-hotel-consegna-pacchi-300x200.jpg 300w, https:\/\/www.fastreplysignature.it\/wp-content\/uploads\/2025\/07\/caso-duso-hotel-consegna-pacchi-1024x683.jpg 1024w, https:\/\/www.fastreplysignature.it\/wp-content\/uploads\/2025\/07\/caso-duso-hotel-consegna-pacchi-768x512.jpg 768w\" \/><span class=\"the7-hover-icon\"><svg xmlns=\"http:\/\/www.w3.org\/2000\/svg\" viewBox=\"0 0 24 24\" width=\"24\" height=\"24\"><path fill=\"none\" d=\"M0 0h24v24H0z\"><\/path><path d=\"M4.5 10.5c-.825 0-1.5.675-1.5 1.5s.675 1.5 1.5 1.5S6 12.825 6 12s-.675-1.5-1.5-1.5zm15 0c-.825 0-1.5.675-1.5 1.5s.675 1.5 1.5 1.5S21 12.825 21 12s-.675-1.5-1.5-1.5zm-7.5 0c-.825 0-1.5.675-1.5 1.5s.675 1.5 1.5 1.5 1.5-.675 1.5-1.5-.675-1.5-1.5-1.5z\"><\/path><\/svg><\/span><\/div>\t\t\t\t\t\t\t\t\t<\/div>\n\t\t\t\t\t\t\t\t\t\t\t\t\t\t\t\t<div class=\"post-entry-content\">\n\t\t\t\t\t\t\t\t\t<h5 class=\"heading\"><span title=\"Parcel pickup and delivery in hospitality facilities and offices\" class=\"post-title\">Parcel pickup and delivery in hospitality facilities and offices<\/span><\/h5><p class=\"short-description\">A hotel can manage authorizations and package pickups easily and securely: FastReplySignature digitizes signatures and archiving, saving time and ensuring traceability.<\/p><button href=\"https:\/\/www.fastreplysignature.it\/en\/parcel-pickup-and-delivery-in-hospitality-facilities-and-offices\/\" target=\"\" aria-label=\"Read more about Parcel pickup and delivery in hospitality facilities and offices\" class=\"box-button elementor-button elementor-size-sm\">Read more<\/button>\t\t\t\t\t\t\t\t<\/div>\n\t\t\t\t\t\t\t<\/div>\n\t\t\t\t\t\t<\/article>\n\t\t\t\t\t<\/a>\t\t\t\t\t\t\t\t\t\t<a class=\"wf-cell visible box-hover\" href=\"https:\/\/www.fastreplysignature.it\/en\/automation-of-short-term-lease-contracts-the-success-case-of-a-travel-agency\/\" target=\"\">\n\t\t\t\t\t\t<article class=\"post visible wrapper post-11831 type-post status-publish format-standard has-post-thumbnail hentry category-casi-di-successo category-casos-de-exito-es category-success-stories\">\n\n\t\t\t\t\t\t\t<div class=\"post-content-wrapper\">\n\t\t\t\t\t\t\t\t\t\t\t\t\t\t\t\t\t<div class=\"the7-simple-post-thumb\">\n\t\t\t\t\t\t\t\t\t\t<div class=\"post-thumbnail-rollover layzr-bg img-css-resize-wrapper\" aria-label=\"Post image\"><img decoding=\"async\" width=\"1024\" height=\"683\" src=\"data:image\/svg+xml,%3Csvg%20xmlns%3D&#039;http%3A%2F%2Fwww.w3.org%2F2000%2Fsvg&#039;%20viewBox%3D&#039;0%200%201024%20683&#039;%2F%3E\" class=\"attachment-full size-full preload-me aspect lazy lazy-load\" alt=\"Travel agency employee showing a customer a digitally completed and signed short-term rental agreement on a computer using FastReply Signature.\" sizes=\"(max-width: 1024px) 100vw, 1024px\" style=\"--ratio: 1024 \/ 683;\" data-src=\"https:\/\/www.fastreplysignature.it\/wp-content\/uploads\/2025\/03\/2.jpg\" loading=\"eager\" data-srcset=\"https:\/\/www.fastreplysignature.it\/wp-content\/uploads\/2025\/03\/2.jpg 1024w, https:\/\/www.fastreplysignature.it\/wp-content\/uploads\/2025\/03\/2-300x200.jpg 300w, https:\/\/www.fastreplysignature.it\/wp-content\/uploads\/2025\/03\/2-768x512.jpg 768w\" \/><span class=\"the7-hover-icon\"><svg xmlns=\"http:\/\/www.w3.org\/2000\/svg\" viewBox=\"0 0 24 24\" width=\"24\" height=\"24\"><path fill=\"none\" d=\"M0 0h24v24H0z\"><\/path><path d=\"M4.5 10.5c-.825 0-1.5.675-1.5 1.5s.675 1.5 1.5 1.5S6 12.825 6 12s-.675-1.5-1.5-1.5zm15 0c-.825 0-1.5.675-1.5 1.5s.675 1.5 1.5 1.5S21 12.825 21 12s-.675-1.5-1.5-1.5zm-7.5 0c-.825 0-1.5.675-1.5 1.5s.675 1.5 1.5 1.5 1.5-.675 1.5-1.5-.675-1.5-1.5-1.5z\"><\/path><\/svg><\/span><\/div>\t\t\t\t\t\t\t\t\t<\/div>\n\t\t\t\t\t\t\t\t\t\t\t\t\t\t\t\t<div class=\"post-entry-content\">\n\t\t\t\t\t\t\t\t\t<h5 class=\"heading\"><span title=\"Automation of short-term lease contracts: The Success case of a Travel Agency\" class=\"post-title\">Automation of short-term lease contracts: The Success case of a Travel Agency<\/span><\/h5><p class=\"short-description\">A travel agency automated short-term rental contracts with FastReply Signature, integrating it into their CRM for seamless efficiency.<\/p><button href=\"https:\/\/www.fastreplysignature.it\/en\/automation-of-short-term-lease-contracts-the-success-case-of-a-travel-agency\/\" target=\"\" aria-label=\"Read more about Automation of short-term lease contracts: The Success case of a Travel Agency\" class=\"box-button elementor-button elementor-size-sm\">Read more<\/button>\t\t\t\t\t\t\t\t<\/div>\n\t\t\t\t\t\t\t<\/div>\n\t\t\t\t\t\t<\/article>\n\t\t\t\t\t<\/a>\t\t\t\t\t\t\t\t\t\t<a class=\"wf-cell visible box-hover\" href=\"https:\/\/www.fastreplysignature.it\/en\/contract-and-document-automation-in-the-construction-sector\/\" target=\"\">\n\t\t\t\t\t\t<article class=\"post visible wrapper post-11760 type-post status-publish format-standard has-post-thumbnail hentry category-casos-de-exito-es category-success-stories\">\n\n\t\t\t\t\t\t\t<div class=\"post-content-wrapper\">\n\t\t\t\t\t\t\t\t\t\t\t\t\t\t\t\t\t<div class=\"the7-simple-post-thumb\">\n\t\t\t\t\t\t\t\t\t\t<div class=\"post-thumbnail-rollover layzr-bg img-css-resize-wrapper\" aria-label=\"Post image\"><img decoding=\"async\" width=\"1500\" height=\"1000\" src=\"data:image\/svg+xml,%3Csvg%20xmlns%3D&#039;http%3A%2F%2Fwww.w3.org%2F2000%2Fsvg&#039;%20viewBox%3D&#039;0%200%201500%201000&#039;%2F%3E\" class=\"attachment-full size-full preload-me aspect lazy lazy-load\" alt=\"Construction entrepreneur signing contracts and documents digitally on a tablet at the construction site, optimizing document management and reducing costs.\" sizes=\"(max-width: 1500px) 100vw, 1500px\" style=\"--ratio: 1500 \/ 1000;\" data-src=\"https:\/\/www.fastreplysignature.it\/wp-content\/uploads\/2025\/01\/casi-di-successo-fast-reply-1.jpg\" loading=\"eager\" data-srcset=\"https:\/\/www.fastreplysignature.it\/wp-content\/uploads\/2025\/01\/casi-di-successo-fast-reply-1.jpg 1500w, https:\/\/www.fastreplysignature.it\/wp-content\/uploads\/2025\/01\/casi-di-successo-fast-reply-1-300x200.jpg 300w, https:\/\/www.fastreplysignature.it\/wp-content\/uploads\/2025\/01\/casi-di-successo-fast-reply-1-1024x683.jpg 1024w, https:\/\/www.fastreplysignature.it\/wp-content\/uploads\/2025\/01\/casi-di-successo-fast-reply-1-768x512.jpg 768w\" \/><span class=\"the7-hover-icon\"><svg xmlns=\"http:\/\/www.w3.org\/2000\/svg\" viewBox=\"0 0 24 24\" width=\"24\" height=\"24\"><path fill=\"none\" d=\"M0 0h24v24H0z\"><\/path><path d=\"M4.5 10.5c-.825 0-1.5.675-1.5 1.5s.675 1.5 1.5 1.5S6 12.825 6 12s-.675-1.5-1.5-1.5zm15 0c-.825 0-1.5.675-1.5 1.5s.675 1.5 1.5 1.5S21 12.825 21 12s-.675-1.5-1.5-1.5zm-7.5 0c-.825 0-1.5.675-1.5 1.5s.675 1.5 1.5 1.5 1.5-.675 1.5-1.5-.675-1.5-1.5-1.5z\"><\/path><\/svg><\/span><\/div>\t\t\t\t\t\t\t\t\t<\/div>\n\t\t\t\t\t\t\t\t\t\t\t\t\t\t\t\t<div class=\"post-entry-content\">\n\t\t\t\t\t\t\t\t\t<h5 class=\"heading\"><span title=\"Contract and document automation in the construction sector\" class=\"post-title\">Contract and document automation in the construction sector<\/span><\/h5><p class=\"short-description\">Discover how a construction company digitized contracts and documents with FastReply Signature, reducing costs and optimizing document management.<\/p><button href=\"https:\/\/www.fastreplysignature.it\/en\/contract-and-document-automation-in-the-construction-sector\/\" target=\"\" aria-label=\"Read more about Contract and document automation in the construction sector\" class=\"box-button elementor-button elementor-size-sm\">Read more<\/button>\t\t\t\t\t\t\t\t<\/div>\n\t\t\t\t\t\t\t<\/div>\n\t\t\t\t\t\t<\/article>\n\t\t\t\t\t<\/a>\t\t\t\t\t\t\t\t\t\t<a class=\"wf-cell visible box-hover\" href=\"https:\/\/www.fastreplysignature.it\/en\/optimization-of-online-registration-management-in-a-fitness-center\/\" target=\"\">\n\t\t\t\t\t\t<article class=\"post visible wrapper post-11710 type-post status-publish format-standard has-post-thumbnail hentry category-casi-di-successo category-casos-de-exito-es category-success-stories\">\n\n\t\t\t\t\t\t\t<div class=\"post-content-wrapper\">\n\t\t\t\t\t\t\t\t\t\t\t\t\t\t\t\t\t<div class=\"the7-simple-post-thumb\">\n\t\t\t\t\t\t\t\t\t\t<div class=\"post-thumbnail-rollover layzr-bg img-css-resize-wrapper\" aria-label=\"Post image\"><img decoding=\"async\" width=\"1500\" height=\"1000\" src=\"data:image\/svg+xml,%3Csvg%20xmlns%3D&#039;http%3A%2F%2Fwww.w3.org%2F2000%2Fsvg&#039;%20viewBox%3D&#039;0%200%201500%201000&#039;%2F%3E\" class=\"attachment-full size-full preload-me aspect lazy lazy-load\" alt=\"Two people working out at the gym, while the fitness center optimizes digital membership management.\" sizes=\"(max-width: 1500px) 100vw, 1500px\" style=\"--ratio: 1500 \/ 1000;\" data-src=\"https:\/\/www.fastreplysignature.it\/wp-content\/uploads\/2024\/12\/casi-di-successo-fast-reply.jpg\" loading=\"eager\" data-srcset=\"https:\/\/www.fastreplysignature.it\/wp-content\/uploads\/2024\/12\/casi-di-successo-fast-reply.jpg 1500w, https:\/\/www.fastreplysignature.it\/wp-content\/uploads\/2024\/12\/casi-di-successo-fast-reply-300x200.jpg 300w, https:\/\/www.fastreplysignature.it\/wp-content\/uploads\/2024\/12\/casi-di-successo-fast-reply-1024x683.jpg 1024w, https:\/\/www.fastreplysignature.it\/wp-content\/uploads\/2024\/12\/casi-di-successo-fast-reply-768x512.jpg 768w\" \/><span class=\"the7-hover-icon\"><svg xmlns=\"http:\/\/www.w3.org\/2000\/svg\" viewBox=\"0 0 24 24\" width=\"24\" height=\"24\"><path fill=\"none\" d=\"M0 0h24v24H0z\"><\/path><path d=\"M4.5 10.5c-.825 0-1.5.675-1.5 1.5s.675 1.5 1.5 1.5S6 12.825 6 12s-.675-1.5-1.5-1.5zm15 0c-.825 0-1.5.675-1.5 1.5s.675 1.5 1.5 1.5S21 12.825 21 12s-.675-1.5-1.5-1.5zm-7.5 0c-.825 0-1.5.675-1.5 1.5s.675 1.5 1.5 1.5 1.5-.675 1.5-1.5-.675-1.5-1.5-1.5z\"><\/path><\/svg><\/span><\/div>\t\t\t\t\t\t\t\t\t<\/div>\n\t\t\t\t\t\t\t\t\t\t\t\t\t\t\t\t<div class=\"post-entry-content\">\n\t\t\t\t\t\t\t\t\t<h5 class=\"heading\"><span title=\"Optimization of online registration management in a fitness center\" class=\"post-title\">Optimization of online registration management in a fitness center<\/span><\/h5><p class=\"short-description\">Discover how a fitness center optimized registration management, reducing waiting times and improving operational efficiency through the use of FastReply Signature.<\/p><button href=\"https:\/\/www.fastreplysignature.it\/en\/optimization-of-online-registration-management-in-a-fitness-center\/\" target=\"\" aria-label=\"Read more about Optimization of online registration management in a fitness center\" class=\"box-button elementor-button elementor-size-sm\">Read more<\/button>\t\t\t\t\t\t\t\t<\/div>\n\t\t\t\t\t\t\t<\/div>\n\t\t\t\t\t\t<\/article>\n\t\t\t\t\t<\/a>\t\t\t\t\t\t\t\t<\/div>\n\t\t<div class=\"paginator filter-decorations filter-pointer-underline filter-animation-fade\" role=\"navigation\"><a href=\"https:\/\/www.fastreplysignature.it\/en\/wp-json\/wp\/v2\/pages\/9961\/\" class=\"page-numbers filter-item act\" data-page-num=\"1\">1<\/a><a href=\"https:\/\/www.fastreplysignature.it\/en\/wp-json\/wp\/v2\/pages\/9961\/page\/2\/\" class=\"page-numbers filter-item \" data-page-num=\"2\">2<\/a><a href=\"https:\/\/www.fastreplysignature.it\/en\/wp-json\/wp\/v2\/pages\/9961\/page\/3\/\" class=\"page-numbers filter-item \" data-page-num=\"3\">3<\/a><a href=\"https:\/\/www.fastreplysignature.it\/en\/wp-json\/wp\/v2\/pages\/9961\/page\/2\/\" class=\"page-numbers nav-next filter-item\" data-page-num=\"2\" >\u2192<\/a><\/div><\/div>\t\t<\/div>\n\t\t\t\t<\/div>\n\t\t\t\t\t<\/div>\n\t\t<\/div>\n\t\t\t\t\t<\/div>\n\t\t<\/section>\n\t\t\t\t<\/div>\n\t\t","protected":false},"excerpt":{"rendered":"<p>Succes Stories ofFastReplySignature In this section, you can read some of the key success stories of our electronic signature software. Optimization of document management in assisted living facilities Discover how a renowned Assisted Living Facility has revolutionized document management with FastReplySignature, significantly improving guest reception and optimizing internal operational efficiency. Read more Digitization of contracts&hellip;<\/p>\n","protected":false},"author":1,"featured_media":0,"parent":0,"menu_order":140,"comment_status":"closed","ping_status":"closed","template":"elementor_header_footer","meta":{"footnotes":""},"class_list":["post-9961","page","type-page","status-publish","hentry"],"_links":{"self":[{"href":"https:\/\/www.fastreplysignature.it\/en\/wp-json\/wp\/v2\/pages\/9961","targetHints":{"allow":["GET"]}}],"collection":[{"href":"https:\/\/www.fastreplysignature.it\/en\/wp-json\/wp\/v2\/pages"}],"about":[{"href":"https:\/\/www.fastreplysignature.it\/en\/wp-json\/wp\/v2\/types\/page"}],"author":[{"embeddable":true,"href":"https:\/\/www.fastreplysignature.it\/en\/wp-json\/wp\/v2\/users\/1"}],"replies":[{"embeddable":true,"href":"https:\/\/www.fastreplysignature.it\/en\/wp-json\/wp\/v2\/comments?post=9961"}],"version-history":[{"count":5,"href":"https:\/\/www.fastreplysignature.it\/en\/wp-json\/wp\/v2\/pages\/9961\/revisions"}],"predecessor-version":[{"id":10043,"href":"https:\/\/www.fastreplysignature.it\/en\/wp-json\/wp\/v2\/pages\/9961\/revisions\/10043"}],"wp:attachment":[{"href":"https:\/\/www.fastreplysignature.it\/en\/wp-json\/wp\/v2\/media?parent=9961"}],"curies":[{"name":"wp","href":"https:\/\/api.w.org\/{rel}","templated":true}]}}