{"id":11042,"date":"2024-09-03T09:45:54","date_gmt":"2024-09-03T07:45:54","guid":{"rendered":"https:\/\/www.fastreplysignature.it\/fonctionnalites-supplementaires\/foglio-barca-per-diving-center\/"},"modified":"2025-09-29T08:43:05","modified_gmt":"2025-09-29T06:43:05","slug":"feuille-de-bateau-de-plongee-pour-centres-de-plonge","status":"publish","type":"page","link":"https:\/\/www.fastreplysignature.it\/fr\/api-integrations\/feuille-de-bateau-de-plongee-pour-centres-de-plonge\/","title":{"rendered":"Feuille de Bateau de Plong\u00e9e pour Centres de Plong\u00e9"},"content":{"rendered":"\t\t<div data-elementor-type=\"wp-page\" data-elementor-id=\"11042\" class=\"elementor elementor-11042 elementor-10925\" data-elementor-post-type=\"page\">\n\t\t\t\t\t\t<section class=\"elementor-section elementor-top-section elementor-element elementor-element-56c9a99 elementor-section-stretched elementor-section-boxed elementor-section-height-default elementor-section-height-default\" data-id=\"56c9a99\" data-element_type=\"section\" data-settings=\"{&quot;background_background&quot;:&quot;classic&quot;,&quot;stretch_section&quot;:&quot;section-stretched&quot;,&quot;shape_divider_bottom&quot;:&quot;mountains&quot;}\">\n\t\t\t\t\t\t\t<div class=\"elementor-background-overlay\"><\/div>\n\t\t\t\t\t\t<div class=\"elementor-shape elementor-shape-bottom\" data-negative=\"false\">\n\t\t\t<svg xmlns=\"http:\/\/www.w3.org\/2000\/svg\" viewBox=\"0 0 1000 100\" preserveAspectRatio=\"none\">\n\t<path class=\"elementor-shape-fill\" opacity=\"0.33\" d=\"M473,67.3c-203.9,88.3-263.1-34-320.3,0C66,119.1,0,59.7,0,59.7V0h1000v59.7 c0,0-62.1,26.1-94.9,29.3c-32.8,3.3-62.8-12.3-75.8-22.1C806,49.6,745.3,8.7,694.9,4.7S492.4,59,473,67.3z\"\/>\n\t<path class=\"elementor-shape-fill\" opacity=\"0.66\" d=\"M734,67.3c-45.5,0-77.2-23.2-129.1-39.1c-28.6-8.7-150.3-10.1-254,39.1 s-91.7-34.4-149.2,0C115.7,118.3,0,39.8,0,39.8V0h1000v36.5c0,0-28.2-18.5-92.1-18.5C810.2,18.1,775.7,67.3,734,67.3z\"\/>\n\t<path class=\"elementor-shape-fill\" d=\"M766.1,28.9c-200-57.5-266,65.5-395.1,19.5C242,1.8,242,5.4,184.8,20.6C128,35.8,132.3,44.9,89.9,52.5C28.6,63.7,0,0,0,0 h1000c0,0-9.9,40.9-83.6,48.1S829.6,47,766.1,28.9z\"\/>\n<\/svg>\t\t<\/div>\n\t\t\t\t\t<div class=\"elementor-container elementor-column-gap-wide\">\n\t\t\t\t\t<div class=\"elementor-column elementor-col-50 elementor-top-column elementor-element elementor-element-30551a9\" data-id=\"30551a9\" data-element_type=\"column\">\n\t\t\t<div class=\"elementor-widget-wrap elementor-element-populated\">\n\t\t\t\t\t\t<div class=\"elementor-element elementor-element-c21c4da elementor-widget elementor-widget-heading\" data-id=\"c21c4da\" data-element_type=\"widget\" data-widget_type=\"heading.default\">\n\t\t\t\t<div class=\"elementor-widget-container\">\n\t\t\t<h2 class=\"elementor-heading-title elementor-size-default\">Cr\u00e9ation de la Feuille de Bateau pour les Centres de Plong\u00e9e<\/h2>\t\t<\/div>\n\t\t\t\t<\/div>\n\t\t\t\t<div class=\"elementor-element elementor-element-a21607a elementor-widget elementor-widget-spacer\" data-id=\"a21607a\" data-element_type=\"widget\" data-widget_type=\"spacer.default\">\n\t\t\t\t<div class=\"elementor-widget-container\">\n\t\t\t\t\t<div class=\"elementor-spacer\">\n\t\t\t<div class=\"elementor-spacer-inner\"><\/div>\n\t\t<\/div>\n\t\t\t\t<\/div>\n\t\t\t\t<\/div>\n\t\t\t\t<div class=\"elementor-element elementor-element-a28f6df elementor-widget elementor-widget-text-editor\" data-id=\"a28f6df\" data-element_type=\"widget\" data-widget_type=\"text-editor.default\">\n\t\t\t\t<div class=\"elementor-widget-container\">\n\t\t\t\t\t\t\t<p>Nous sommes ravis de pr\u00e9senter une nouvelle fonctionnalit\u00e9 sp\u00e9cialement con\u00e7ue pour les <strong>centres de plong\u00e9e<\/strong> utilisant notre logiciel FastReplySignature : la <strong>cr\u00e9ation du registre des participants pour chaque excursion.<\/strong><\/p>\t\t\t\t\t\t<\/div>\n\t\t\t\t<\/div>\n\t\t\t\t\t<\/div>\n\t\t<\/div>\n\t\t\t\t<div class=\"elementor-column elementor-col-50 elementor-top-column elementor-element elementor-element-3626f30\" data-id=\"3626f30\" data-element_type=\"column\">\n\t\t\t<div class=\"elementor-widget-wrap elementor-element-populated\">\n\t\t\t\t\t\t<div class=\"elementor-element elementor-element-f1856da elementor-invisible elementor-widget elementor-widget-image\" data-id=\"f1856da\" data-element_type=\"widget\" data-settings=\"{&quot;_animation&quot;:&quot;fadeInRight&quot;,&quot;_animation_delay&quot;:100}\" data-widget_type=\"image.default\">\n\t\t\t\t<div class=\"elementor-widget-container\">\n\t\t\t\t\t\t\t\t\t\t\t\t\t<img fetchpriority=\"high\" decoding=\"async\" width=\"1500\" height=\"981\" src=\"https:\/\/www.fastreplysignature.it\/wp-content\/uploads\/2024\/09\/fastreplysignature-11_foglio-barca.png\" class=\"attachment-full size-full wp-image-10921\" alt=\"\" srcset=\"https:\/\/www.fastreplysignature.it\/wp-content\/uploads\/2024\/09\/fastreplysignature-11_foglio-barca.png 1500w, https:\/\/www.fastreplysignature.it\/wp-content\/uploads\/2024\/09\/fastreplysignature-11_foglio-barca-300x196.png 300w, https:\/\/www.fastreplysignature.it\/wp-content\/uploads\/2024\/09\/fastreplysignature-11_foglio-barca-1024x670.png 1024w, https:\/\/www.fastreplysignature.it\/wp-content\/uploads\/2024\/09\/fastreplysignature-11_foglio-barca-768x502.png 768w\" sizes=\"(max-width: 1500px) 100vw, 1500px\" \/>\t\t\t\t\t\t\t\t\t\t\t\t\t<\/div>\n\t\t\t\t<\/div>\n\t\t\t\t\t<\/div>\n\t\t<\/div>\n\t\t\t\t\t<\/div>\n\t\t<\/section>\n\t\t\t\t<section class=\"elementor-section elementor-top-section elementor-element elementor-element-2d25d38 elementor-section-boxed elementor-section-height-default elementor-section-height-default\" data-id=\"2d25d38\" data-element_type=\"section\">\n\t\t\t\t\t\t<div class=\"elementor-container elementor-column-gap-wide\">\n\t\t\t\t\t<div class=\"elementor-column elementor-col-100 elementor-top-column elementor-element elementor-element-8c53f99\" data-id=\"8c53f99\" data-element_type=\"column\">\n\t\t\t<div class=\"elementor-widget-wrap elementor-element-populated\">\n\t\t\t\t\t\t<div class=\"elementor-element elementor-element-aca538f elementor-widget__width-initial elementor-widget elementor-widget-heading\" data-id=\"aca538f\" data-element_type=\"widget\" data-widget_type=\"heading.default\">\n\t\t\t\t<div class=\"elementor-widget-container\">\n\t\t\t<h3 class=\"elementor-heading-title elementor-size-default\">Acc\u00e9l\u00e9rez vos pr\u00e9paratifs<\/h3>\t\t<\/div>\n\t\t\t\t<\/div>\n\t\t\t\t\t<\/div>\n\t\t<\/div>\n\t\t\t\t\t<\/div>\n\t\t<\/section>\n\t\t\t\t<section class=\"elementor-section elementor-top-section elementor-element elementor-element-9e3a090 elementor-section-boxed elementor-section-height-default elementor-section-height-default\" data-id=\"9e3a090\" data-element_type=\"section\" id=\"manleva\" data-settings=\"{&quot;background_background&quot;:&quot;classic&quot;,&quot;shape_divider_top&quot;:&quot;mountains&quot;}\">\n\t\t\t\t\t<div class=\"elementor-shape elementor-shape-top\" data-negative=\"false\">\n\t\t\t<svg xmlns=\"http:\/\/www.w3.org\/2000\/svg\" viewBox=\"0 0 1000 100\" preserveAspectRatio=\"none\">\n\t<path class=\"elementor-shape-fill\" opacity=\"0.33\" d=\"M473,67.3c-203.9,88.3-263.1-34-320.3,0C66,119.1,0,59.7,0,59.7V0h1000v59.7 c0,0-62.1,26.1-94.9,29.3c-32.8,3.3-62.8-12.3-75.8-22.1C806,49.6,745.3,8.7,694.9,4.7S492.4,59,473,67.3z\"\/>\n\t<path class=\"elementor-shape-fill\" opacity=\"0.66\" d=\"M734,67.3c-45.5,0-77.2-23.2-129.1-39.1c-28.6-8.7-150.3-10.1-254,39.1 s-91.7-34.4-149.2,0C115.7,118.3,0,39.8,0,39.8V0h1000v36.5c0,0-28.2-18.5-92.1-18.5C810.2,18.1,775.7,67.3,734,67.3z\"\/>\n\t<path class=\"elementor-shape-fill\" d=\"M766.1,28.9c-200-57.5-266,65.5-395.1,19.5C242,1.8,242,5.4,184.8,20.6C128,35.8,132.3,44.9,89.9,52.5C28.6,63.7,0,0,0,0 h1000c0,0-9.9,40.9-83.6,48.1S829.6,47,766.1,28.9z\"\/>\n<\/svg>\t\t<\/div>\n\t\t\t\t\t<div class=\"elementor-container elementor-column-gap-wide\">\n\t\t\t\t\t<div class=\"elementor-column elementor-col-100 elementor-top-column elementor-element elementor-element-5c02c67\" data-id=\"5c02c67\" data-element_type=\"column\">\n\t\t\t<div class=\"elementor-widget-wrap elementor-element-populated\">\n\t\t\t\t\t\t<div class=\"elementor-element elementor-element-1d771e1 elementor-widget elementor-widget-spacer\" data-id=\"1d771e1\" data-element_type=\"widget\" data-widget_type=\"spacer.default\">\n\t\t\t\t<div class=\"elementor-widget-container\">\n\t\t\t\t\t<div class=\"elementor-spacer\">\n\t\t\t<div class=\"elementor-spacer-inner\"><\/div>\n\t\t<\/div>\n\t\t\t\t<\/div>\n\t\t\t\t<\/div>\n\t\t\t\t<div class=\"elementor-element elementor-element-7ebafb9 elementor-widget elementor-widget-text-editor\" data-id=\"7ebafb9\" data-element_type=\"widget\" data-widget_type=\"text-editor.default\">\n\t\t\t\t<div class=\"elementor-widget-container\">\n\t\t\t\t\t\t\t<p><strong>Abandonnez les processus manuels<\/strong> de compilation des <strong>listes d\u2019embarquement<\/strong> et des <strong>feuilles de bateau<\/strong>. Cette nouvelle fonctionnalit\u00e9 simplifie l\u2019ensemble du processus gr\u00e2ce \u00e0 la <strong>num\u00e9risation<\/strong>.<\/p><p>En quelques clics, vous pouvez maintenant <strong>g\u00e9n\u00e9rer automatiquement une feuille de bateau<\/strong> sur un papier \u00e0 en-t\u00eate personnalis\u00e9, incluant tous les d\u00e9tails essentiels. Cela non seulement r\u00e9duit le risque d\u2019erreurs, mais vous permet \u00e9galement de pr\u00e9parer chaque excursion de plong\u00e9e avec plus d\u2019efficacit\u00e9 et de pr\u00e9cision.<\/p>\t\t\t\t\t\t<\/div>\n\t\t\t\t<\/div>\n\t\t\t\t\t<\/div>\n\t\t<\/div>\n\t\t\t\t\t<\/div>\n\t\t<\/section>\n\t\t\t\t<section class=\"elementor-section elementor-top-section elementor-element elementor-element-f1c8bb2 elementor-section-boxed elementor-section-height-default elementor-section-height-default\" data-id=\"f1c8bb2\" data-element_type=\"section\" data-settings=\"{&quot;background_background&quot;:&quot;classic&quot;}\">\n\t\t\t\t\t\t<div class=\"elementor-container elementor-column-gap-wide\">\n\t\t\t\t\t<div class=\"elementor-column elementor-col-100 elementor-top-column elementor-element elementor-element-2291c48\" data-id=\"2291c48\" data-element_type=\"column\">\n\t\t\t<div class=\"elementor-widget-wrap elementor-element-populated\">\n\t\t\t\t\t\t<div class=\"elementor-element elementor-element-08392bb elementor-widget__width-initial elementor-widget elementor-widget-heading\" data-id=\"08392bb\" data-element_type=\"widget\" data-widget_type=\"heading.default\">\n\t\t\t\t<div class=\"elementor-widget-container\">\n\t\t\t<h4 class=\"elementor-heading-title elementor-size-medium\">Comment \u00e7a fonctionne<\/h4>\t\t<\/div>\n\t\t\t\t<\/div>\n\t\t\t\t<div class=\"elementor-element elementor-element-e99a718 elementor-widget elementor-widget-spacer\" data-id=\"e99a718\" data-element_type=\"widget\" data-widget_type=\"spacer.default\">\n\t\t\t\t<div class=\"elementor-widget-container\">\n\t\t\t\t\t<div class=\"elementor-spacer\">\n\t\t\t<div class=\"elementor-spacer-inner\"><\/div>\n\t\t<\/div>\n\t\t\t\t<\/div>\n\t\t\t\t<\/div>\n\t\t\t\t<div class=\"elementor-element elementor-element-e2010b9 elementor-widget elementor-widget-text-editor\" data-id=\"e2010b9\" data-element_type=\"widget\" data-widget_type=\"text-editor.default\">\n\t\t\t\t<div class=\"elementor-widget-container\">\n\t\t\t\t\t\t\t<ul><li><strong>Compilation de la Feuille de Bateau<\/strong>: Avant chaque plong\u00e9e, le centre de plong\u00e9e peut utiliser FastReplySignature pour cr\u00e9er automatiquement une <strong>feuille de bateau sur un papier \u00e0 en-t\u00eate personnalis\u00e9<\/strong>. Ce document comprend tous les <strong>d\u00e9tails essentiels<\/strong> tels que le nom du bateau, les membres de l\u2019\u00e9quipage (y compris les instructeurs), la liste des participants \u00e0 la plong\u00e9e, et le lieu de la plong\u00e9e.<\/li><li><strong>S\u00e9lection des Participants<\/strong>: Le syst\u00e8me vous permet de visualiser la <strong>liste de tous ceux<\/strong> qui ont <a href=\"\/fr\/personnalisation\/#manleva\"><strong>sign\u00e9 la D\u00e9charge de responsabilit\u00e9<br \/>r\u00e9cemment<\/strong><\/a>. \u00c0 partir de cette liste, avec une s<strong>\u00e9rie de filtres<\/strong>, vous pouvez <strong>s\u00e9lectionner<\/strong> en un clic les <strong>participants \u00e0 la plong\u00e9e sp\u00e9cifique<\/strong>.<\/li><li><strong>Impression de la Feuille de Bateau<\/strong>: Apr\u00e8s avoir compil\u00e9 la feuille de bateau, le <strong>document est pr\u00eat \u00e0 \u00eatre imprim\u00e9<\/strong>. Cela garantit que vous disposez d\u2019une feuille compl\u00e8te et bien organis\u00e9e, pr\u00eate \u00e0 \u00eatre utilis\u00e9e lors de l\u2019excursion. Le syst\u00e8me vous permet de <strong>collecter et d\u2019organiser les informations<\/strong> les plus importantes de <strong>chaque client<\/strong> participant \u00e0 la plong\u00e9e, telles que le nom, le num\u00e9ro de t\u00e9l\u00e9phone, l\u2019email, le nombre de plong\u00e9es, le type de certification et d\u2019autres donn\u00e9es pertinentes.<\/li><\/ul>\t\t\t\t\t\t<\/div>\n\t\t\t\t<\/div>\n\t\t\t\t\t<\/div>\n\t\t<\/div>\n\t\t\t\t\t<\/div>\n\t\t<\/section>\n\t\t\t\t<section class=\"elementor-section elementor-top-section elementor-element elementor-element-dbbd5cd elementor-section-boxed elementor-section-height-default elementor-section-height-default\" data-id=\"dbbd5cd\" data-element_type=\"section\">\n\t\t\t\t\t\t<div class=\"elementor-container elementor-column-gap-default\">\n\t\t\t\t\t<div class=\"elementor-column elementor-col-100 elementor-top-column elementor-element elementor-element-a70dfcf\" data-id=\"a70dfcf\" data-element_type=\"column\">\n\t\t\t<div class=\"elementor-widget-wrap elementor-element-populated\">\n\t\t\t\t\t\t<div class=\"elementor-element elementor-element-2e8b18a elementor-widget elementor-widget-spacer\" data-id=\"2e8b18a\" data-element_type=\"widget\" data-widget_type=\"spacer.default\">\n\t\t\t\t<div class=\"elementor-widget-container\">\n\t\t\t\t\t<div class=\"elementor-spacer\">\n\t\t\t<div class=\"elementor-spacer-inner\"><\/div>\n\t\t<\/div>\n\t\t\t\t<\/div>\n\t\t\t\t<\/div>\n\t\t\t\t<div class=\"elementor-element elementor-element-1752813 elementor-widget__width-initial elementor-widget elementor-widget-heading\" data-id=\"1752813\" data-element_type=\"widget\" data-widget_type=\"heading.default\">\n\t\t\t\t<div class=\"elementor-widget-container\">\n\t\t\t<h3 class=\"elementor-heading-title elementor-size-default\">Pourquoi la feuille de bateau est-elle importante ?<\/h3>\t\t<\/div>\n\t\t\t\t<\/div>\n\t\t\t\t<div class=\"elementor-element elementor-element-0aca589 elementor-widget elementor-widget-spacer\" data-id=\"0aca589\" data-element_type=\"widget\" data-widget_type=\"spacer.default\">\n\t\t\t\t<div class=\"elementor-widget-container\">\n\t\t\t\t\t<div class=\"elementor-spacer\">\n\t\t\t<div class=\"elementor-spacer-inner\"><\/div>\n\t\t<\/div>\n\t\t\t\t<\/div>\n\t\t\t\t<\/div>\n\t\t\t\t<div class=\"elementor-element elementor-element-20f76e3 elementor-widget elementor-widget-text-editor\" data-id=\"20f76e3\" data-element_type=\"widget\" data-widget_type=\"text-editor.default\">\n\t\t\t\t<div class=\"elementor-widget-container\">\n\t\t\t\t\t\t\tUn registre des pr\u00e9sences \u00e0 bord est une pratique largement adopt\u00e9e par les centres de plong\u00e9e, \u00e0 la fois pour des raisons de s\u00e9curit\u00e9 et pour optimiser la gestion des op\u00e9rations. Voici les principales raisons :\n<ul>\n \t<li><strong>S\u00e9curit\u00e9 :<\/strong> Disposer d\u2019une liste actualis\u00e9e des personnes \u00e0 bord (plongeurs, instructeurs, guides et \u00e9quipage) permet d\u2019avoir une vision claire en cas d\u2019urgence, par exemple pour identifier qui est encore en plong\u00e9e et qui est d\u00e9j\u00e0 remont\u00e9.<\/li>\n \t<li><strong>Proc\u00e9dures internes :<\/strong> De nombreux centres de plong\u00e9e suivent des protocoles internes qui pr\u00e9voient le contr\u00f4le des pr\u00e9sences \u00e0 diff\u00e9rents moments critiques de l\u2019activit\u00e9. Il est recommand\u00e9 d\u2019effectuer un check-in lors du briefing initial pour v\u00e9rifier les participants, un contr\u00f4le lors de l\u2019embarquement afin de s\u2019assurer que tout le monde est \u00e0 bord, et un autre contr\u00f4le apr\u00e8s la plong\u00e9e pour garantir que tous sont revenus en s\u00e9curit\u00e9. Ces \u00e9tapes permettent de respecter les normes de s\u00e9curit\u00e9 et d\u2019assurer une tra\u00e7abilit\u00e9 claire des participants.<\/li>\n \t<li><strong>Exigences locales :<\/strong> Dans certaines r\u00e9gions, les autorit\u00e9s maritimes exigent la liste des passagers comme partie int\u00e9grante de la documentation standard pour les op\u00e9rations en mer.<\/li>\n<\/ul>\nGr\u00e2ce \u00e0 <strong>FastReplySignature,<\/strong> la gestion de la Feuille de Bateau, c\u2019est-\u00e0-dire le <strong>Registre de Pr\u00e9sence \u00e0 Bord des clients,<\/strong> devient plus simple, plus rapide et plus s\u00fbre.\n<strong>Optimisez d\u00e8s aujourd\u2019hui votre organisation<\/strong> et consacrez plus de temps \u00e0 ce qui compte vraiment : <strong>offrir des exp\u00e9riences de plong\u00e9e inoubliables \u00e0 vos clients !<\/strong>\t\t\t\t\t\t<\/div>\n\t\t\t\t<\/div>\n\t\t\t\t<div class=\"elementor-element elementor-element-6e75e6b elementor-widget elementor-widget-spacer\" data-id=\"6e75e6b\" data-element_type=\"widget\" data-widget_type=\"spacer.default\">\n\t\t\t\t<div class=\"elementor-widget-container\">\n\t\t\t\t\t<div class=\"elementor-spacer\">\n\t\t\t<div class=\"elementor-spacer-inner\"><\/div>\n\t\t<\/div>\n\t\t\t\t<\/div>\n\t\t\t\t<\/div>\n\t\t\t\t\t<\/div>\n\t\t<\/div>\n\t\t\t\t\t<\/div>\n\t\t<\/section>\n\t\t\t\t<section class=\"elementor-section elementor-top-section elementor-element elementor-element-11cc7abb elementor-section-boxed elementor-section-height-default elementor-section-height-default\" data-id=\"11cc7abb\" data-element_type=\"section\">\n\t\t\t\t\t\t<div class=\"elementor-container elementor-column-gap-wide\">\n\t\t\t\t\t<div class=\"elementor-column elementor-col-50 elementor-top-column elementor-element elementor-element-6f62168f\" data-id=\"6f62168f\" data-element_type=\"column\">\n\t\t\t<div class=\"elementor-widget-wrap elementor-element-populated\">\n\t\t\t\t\t\t<div class=\"elementor-element elementor-element-1288c298 elementor-widget__width-initial elementor-widget elementor-widget-heading\" data-id=\"1288c298\" data-element_type=\"widget\" data-widget_type=\"heading.default\">\n\t\t\t\t<div class=\"elementor-widget-container\">\n\t\t\t<h3 class=\"elementor-heading-title elementor-size-default\">Avantages<\/h3>\t\t<\/div>\n\t\t\t\t<\/div>\n\t\t\t\t<div class=\"elementor-element elementor-element-70f6d88 elementor-widget elementor-widget-spacer\" data-id=\"70f6d88\" data-element_type=\"widget\" data-widget_type=\"spacer.default\">\n\t\t\t\t<div class=\"elementor-widget-container\">\n\t\t\t\t\t<div class=\"elementor-spacer\">\n\t\t\t<div class=\"elementor-spacer-inner\"><\/div>\n\t\t<\/div>\n\t\t\t\t<\/div>\n\t\t\t\t<\/div>\n\t\t\t\t<div class=\"elementor-element elementor-element-759a6a2 elementor-widget elementor-widget-text-editor\" data-id=\"759a6a2\" data-element_type=\"widget\" data-widget_type=\"text-editor.default\">\n\t\t\t\t<div class=\"elementor-widget-container\">\n\t\t\t\t\t\t\tAvec cette nouvelle fonctionnalit\u00e9, vous \u00e9conomisez non seulement du temps pr\u00e9cieux mais am\u00e9liorez \u00e9galement la gestion de vos activit\u00e9s de plong\u00e9e, permettant \u00e0 votre personnel de se concentrer davantage sur l\u2019exp\u00e9rience des clients plut\u00f4t que sur la documentation.\t\t\t\t\t\t<\/div>\n\t\t\t\t<\/div>\n\t\t\t\t\t<\/div>\n\t\t<\/div>\n\t\t\t\t<div class=\"elementor-column elementor-col-50 elementor-top-column elementor-element elementor-element-5ea85420\" data-id=\"5ea85420\" data-element_type=\"column\">\n\t\t\t<div class=\"elementor-widget-wrap elementor-element-populated\">\n\t\t\t\t\t\t<div class=\"elementor-element elementor-element-d5b81b elementor-align-center elementor-widget__width-auto elementor-widget elementor-widget-the7_button_widget\" data-id=\"d5b81b\" data-element_type=\"widget\" data-widget_type=\"the7_button_widget.default\">\n\t\t\t\t<div class=\"elementor-widget-container\">\n\t\t\t<div class=\"elementor-button-wrapper\"><a href=\"https:\/\/admin.fastreplysignature.it\/register\" class=\"box-button elementor-button elementor-size-lg\">Essayez gratuitement<svg xmlns=\"http:\/\/www.w3.org\/2000\/svg\" viewBox=\"0 0 24 24\" width=\"24\" height=\"24\"><path fill=\"none\" d=\"M0 0h24v24H0z\"><\/path><path d=\"M16.172 11l-5.364-5.364 1.414-1.414L20 12l-7.778 7.778-1.414-1.414L16.172 13H4v-2z\"><\/path><\/svg><\/a><\/div>\t\t<\/div>\n\t\t\t\t<\/div>\n\t\t\t\t\t<\/div>\n\t\t<\/div>\n\t\t\t\t\t<\/div>\n\t\t<\/section>\n\t\t\t\t<\/div>\n\t\t","protected":false},"excerpt":{"rendered":"<p>Cr\u00e9ation de la Feuille de Bateau pour les Centres de Plong\u00e9e Nous sommes ravis de pr\u00e9senter une nouvelle fonctionnalit\u00e9 sp\u00e9cialement con\u00e7ue pour les centres de plong\u00e9e utilisant notre logiciel FastReplySignature : la cr\u00e9ation du registre des participants pour chaque excursion. Acc\u00e9l\u00e9rez vos pr\u00e9paratifs Abandonnez les processus manuels de compilation des listes d\u2019embarquement et des feuilles&hellip;<\/p>\n","protected":false},"author":2,"featured_media":0,"parent":11030,"menu_order":20,"comment_status":"closed","ping_status":"closed","template":"elementor_header_footer","meta":{"footnotes":""},"class_list":["post-11042","page","type-page","status-publish","hentry"],"_links":{"self":[{"href":"https:\/\/www.fastreplysignature.it\/fr\/wp-json\/wp\/v2\/pages\/11042","targetHints":{"allow":["GET"]}}],"collection":[{"href":"https:\/\/www.fastreplysignature.it\/fr\/wp-json\/wp\/v2\/pages"}],"about":[{"href":"https:\/\/www.fastreplysignature.it\/fr\/wp-json\/wp\/v2\/types\/page"}],"author":[{"embeddable":true,"href":"https:\/\/www.fastreplysignature.it\/fr\/wp-json\/wp\/v2\/users\/2"}],"replies":[{"embeddable":true,"href":"https:\/\/www.fastreplysignature.it\/fr\/wp-json\/wp\/v2\/comments?post=11042"}],"version-history":[{"count":5,"href":"https:\/\/www.fastreplysignature.it\/fr\/wp-json\/wp\/v2\/pages\/11042\/revisions"}],"predecessor-version":[{"id":12108,"href":"https:\/\/www.fastreplysignature.it\/fr\/wp-json\/wp\/v2\/pages\/11042\/revisions\/12108"}],"up":[{"embeddable":true,"href":"https:\/\/www.fastreplysignature.it\/fr\/wp-json\/wp\/v2\/pages\/11030"}],"wp:attachment":[{"href":"https:\/\/www.fastreplysignature.it\/fr\/wp-json\/wp\/v2\/media?parent=11042"}],"curies":[{"name":"wp","href":"https:\/\/api.w.org\/{rel}","templated":true}]}}